{"id":583,"date":"2019-01-20T02:43:58","date_gmt":"2019-01-20T01:43:58","guid":{"rendered":"https:\/\/vanessa-waldhart.com\/?page_id=583"},"modified":"2024-01-06T15:41:37","modified_gmt":"2024-01-06T14:41:37","slug":"home","status":"publish","type":"page","link":"https:\/\/vanessa-waldhart.com\/en\/","title":{"rendered":"Home"},"content":{"rendered":"","protected":false},"excerpt":{"rendered":"","protected":false},"author":2,"featured_media":0,"parent":0,"menu_order":0,"comment_status":"closed","ping_status":"closed","template":"page-home.php","meta":{"footnotes":""},"class_list":["post-583","page","type-page","status-publish","hentry"],"yoast_head":"<!-- This site is optimized with the Yoast SEO plugin v27.3 - https:\/\/yoast.com\/product\/yoast-seo-wordpress\/ -->\n<title>Vanessa Waldhart | Opera Singer, Sopran | Austria<\/title>\n<meta name=\"description\" content=\"The official homepage of VANESSA WALDHART | Austrian coloratura soprano who sings in various productions and concerts all over Europe.\" \/>\n<meta name=\"robots\" content=\"index, follow, max-snippet:-1, max-image-preview:large, max-video-preview:-1\" \/>\n<link rel=\"canonical\" href=\"https:\/\/vanessa-waldhart.com\/en\/\" \/>\n<meta property=\"og:locale\" content=\"en_US\" \/>\n<meta property=\"og:type\" content=\"article\" \/>\n<meta property=\"og:title\" content=\"Vanessa Waldhart | Opera Singer, Sopran | Austria\" \/>\n<meta property=\"og:description\" content=\"The official homepage of VANESSA WALDHART | Austrian coloratura soprano who sings in various productions and concerts all over Europe.\" \/>\n<meta property=\"og:url\" content=\"https:\/\/vanessa-waldhart.com\/en\/\" \/>\n<meta property=\"og:site_name\" content=\"Vanessa Waldhart\" \/>\n<meta property=\"article:modified_time\" content=\"2024-01-06T14:41:37+00:00\" \/>\n<meta name=\"twitter:card\" content=\"summary_large_image\" \/>\n<script type=\"application\/ld+json\" class=\"yoast-schema-graph\">{\"@context\":\"https:\\\/\\\/schema.org\",\"@graph\":[{\"@type\":\"WebPage\",\"@id\":\"https:\\\/\\\/vanessa-waldhart.com\\\/en\\\/\",\"url\":\"https:\\\/\\\/vanessa-waldhart.com\\\/en\\\/\",\"name\":\"Vanessa Waldhart | Opera Singer, Sopran | Austria\",\"isPartOf\":{\"@id\":\"https:\\\/\\\/vanessa-waldhart.com\\\/#website\"},\"datePublished\":\"2019-01-20T01:43:58+00:00\",\"dateModified\":\"2024-01-06T14:41:37+00:00\",\"description\":\"The official homepage of VANESSA WALDHART | Austrian coloratura soprano who sings in various productions and concerts all over Europe.\",\"breadcrumb\":{\"@id\":\"https:\\\/\\\/vanessa-waldhart.com\\\/en\\\/#breadcrumb\"},\"inLanguage\":\"en-US\",\"potentialAction\":[{\"@type\":\"ReadAction\",\"target\":[\"https:\\\/\\\/vanessa-waldhart.com\\\/en\\\/\"]}]},{\"@type\":\"BreadcrumbList\",\"@id\":\"https:\\\/\\\/vanessa-waldhart.com\\\/en\\\/#breadcrumb\",\"itemListElement\":[{\"@type\":\"ListItem\",\"position\":1,\"name\":\"Startseite\",\"item\":\"https:\\\/\\\/vanessa-waldhart.com\\\/en\\\/\"},{\"@type\":\"ListItem\",\"position\":2,\"name\":\"Home\"}]},{\"@type\":\"WebSite\",\"@id\":\"https:\\\/\\\/vanessa-waldhart.com\\\/#website\",\"url\":\"https:\\\/\\\/vanessa-waldhart.com\\\/\",\"name\":\"Vanessa Waldhart | Operns\u00e4ngerin Sopran\",\"description\":\"Operns\u00e4ngerin Sopran aus \u00d6sterreich\",\"potentialAction\":[{\"@type\":\"SearchAction\",\"target\":{\"@type\":\"EntryPoint\",\"urlTemplate\":\"https:\\\/\\\/vanessa-waldhart.com\\\/?s={search_term_string}\"},\"query-input\":{\"@type\":\"PropertyValueSpecification\",\"valueRequired\":true,\"valueName\":\"search_term_string\"}}],\"inLanguage\":\"en-US\"}]}<\/script>\n<!-- \/ Yoast SEO plugin. -->","yoast_head_json":{"title":"Vanessa Waldhart | Opera Singer, Sopran | Austria","description":"The official homepage of VANESSA WALDHART | Austrian coloratura soprano who sings in various productions and concerts all over Europe.","robots":{"index":"index","follow":"follow","max-snippet":"max-snippet:-1","max-image-preview":"max-image-preview:large","max-video-preview":"max-video-preview:-1"},"canonical":"https:\/\/vanessa-waldhart.com\/en\/","og_locale":"en_US","og_type":"article","og_title":"Vanessa Waldhart | Opera Singer, Sopran | Austria","og_description":"The official homepage of VANESSA WALDHART | Austrian coloratura soprano who sings in various productions and concerts all over Europe.","og_url":"https:\/\/vanessa-waldhart.com\/en\/","og_site_name":"Vanessa Waldhart","article_modified_time":"2024-01-06T14:41:37+00:00","twitter_card":"summary_large_image","schema":{"@context":"https:\/\/schema.org","@graph":[{"@type":"WebPage","@id":"https:\/\/vanessa-waldhart.com\/en\/","url":"https:\/\/vanessa-waldhart.com\/en\/","name":"Vanessa Waldhart | Opera Singer, Sopran | Austria","isPartOf":{"@id":"https:\/\/vanessa-waldhart.com\/#website"},"datePublished":"2019-01-20T01:43:58+00:00","dateModified":"2024-01-06T14:41:37+00:00","description":"The official homepage of VANESSA WALDHART | Austrian coloratura soprano who sings in various productions and concerts all over Europe.","breadcrumb":{"@id":"https:\/\/vanessa-waldhart.com\/en\/#breadcrumb"},"inLanguage":"en-US","potentialAction":[{"@type":"ReadAction","target":["https:\/\/vanessa-waldhart.com\/en\/"]}]},{"@type":"BreadcrumbList","@id":"https:\/\/vanessa-waldhart.com\/en\/#breadcrumb","itemListElement":[{"@type":"ListItem","position":1,"name":"Startseite","item":"https:\/\/vanessa-waldhart.com\/en\/"},{"@type":"ListItem","position":2,"name":"Home"}]},{"@type":"WebSite","@id":"https:\/\/vanessa-waldhart.com\/#website","url":"https:\/\/vanessa-waldhart.com\/","name":"Vanessa Waldhart | Operns\u00e4ngerin Sopran","description":"Operns\u00e4ngerin Sopran aus \u00d6sterreich","potentialAction":[{"@type":"SearchAction","target":{"@type":"EntryPoint","urlTemplate":"https:\/\/vanessa-waldhart.com\/?s={search_term_string}"},"query-input":{"@type":"PropertyValueSpecification","valueRequired":true,"valueName":"search_term_string"}}],"inLanguage":"en-US"}]}},"_links":{"self":[{"href":"https:\/\/vanessa-waldhart.com\/en\/wp-json\/wp\/v2\/pages\/583","targetHints":{"allow":["GET"]}}],"collection":[{"href":"https:\/\/vanessa-waldhart.com\/en\/wp-json\/wp\/v2\/pages"}],"about":[{"href":"https:\/\/vanessa-waldhart.com\/en\/wp-json\/wp\/v2\/types\/page"}],"author":[{"embeddable":true,"href":"https:\/\/vanessa-waldhart.com\/en\/wp-json\/wp\/v2\/users\/2"}],"replies":[{"embeddable":true,"href":"https:\/\/vanessa-waldhart.com\/en\/wp-json\/wp\/v2\/comments?post=583"}],"version-history":[{"count":3,"href":"https:\/\/vanessa-waldhart.com\/en\/wp-json\/wp\/v2\/pages\/583\/revisions"}],"predecessor-version":[{"id":2479,"href":"https:\/\/vanessa-waldhart.com\/en\/wp-json\/wp\/v2\/pages\/583\/revisions\/2479"}],"wp:attachment":[{"href":"https:\/\/vanessa-waldhart.com\/en\/wp-json\/wp\/v2\/media?parent=583"}],"curies":[{"name":"wp","href":"https:\/\/api.w.org\/{rel}","templated":true}]}}