{"id":581,"date":"2019-02-01T02:01:55","date_gmt":"2019-02-01T01:01:55","guid":{"rendered":"https:\/\/vanessa-waldhart.com\/?page_id=581"},"modified":"2026-02-10T16:06:55","modified_gmt":"2026-02-10T15:06:55","slug":"copyright-page","status":"publish","type":"page","link":"https:\/\/vanessa-waldhart.com\/en\/copyright-page\/","title":{"rendered":"Copyright"},"content":{"rendered":"\r\n<p><strong>Vanessa Waldhart<\/strong><\/p>\r\n<p>\r\n\r\n<\/p>\r\n<p>&nbsp;<\/p>\r\n<p>\r\n\r\n<\/p>\r\n<p>Angaben gem\u00e4\u00df \u00a75 TMG:<\/p>\r\n<p>www.vanessa-waldhart.com ist ein Angebot von<\/p>\r\n<p>Vanessa Waldhart<\/p>\r\n<p>\u200d<\/p>\r\n<p>E-Mail-Adresse: kontakt@vanessa-waldhart.com<\/p>\r\n<p>Fotomaterial:\u00a0<\/p>\r\n<p>Portraitfotos: \u00a9 Anna Kolata |\u00a0\u00a9 Privat\u00a0| \u00a9 Rafael Hintersteiner | \u00a9 Dominik Pirchner<\/p>\r\n<p>Konzertfotos: \u00a9 art_DELiRiUM Production | Bach: WO \u00a9 Reinhold Sigl | CLIP Portofino \u00a9 Sara Rosati | GLUCK: \u00a9 Beth Chalmers | Int. Renata Rebaldi Competition: \u00a9 Fondazione Renata Tebaldi<\/p>\r\n<p>B\u00fchnenfotos:\u00a0<br \/>\u00a9 Matthias Horn | H\u00e4ndel: Agrippina &#8211; Poppea, H\u00e4ndelfestspiele Halle\/Oper Halle 2025 \/\/ \u00a9 Craig Fuller\/The Grange Festival | Monteverdi: L&#8217;incoronazione di Poppea &#8211; Drusilla &amp; Amore, The Grange Festival 2024 \/\/ \u00a9 Anna Kolata | Offenbach: Orpheus in der Unterwelt &#8211; Eurydike, Halle 2026 \/\/ Mozart: Die Zauberfl\u00f6te &#8211; K\u00f6nigin der Nacht, Halle 2025 \/\/ Rossini: Il barbiere di Siviglia &#8211; Rosina, Halle 2024 \/\/ Strau\u00df: Die Fledermaus &#8211; Adele, Halle 2023 \/\/ Offenbach: Les contes d&#8217;Hoffmann &#8211; Olympia, Halle 2023 \/\/ H\u00e4ndel: Serse &#8211; Atalanta, Halle 2023 \/\/ E\u00f6tv\u00f6s: Der Goldene Drache &#8211; Der Kleine\/Junge Frau, Halle 2023 \/\/ Strauss: Der Rosenkavalier &#8211; Leitmetzerin, Halle 2023 \/\/ Mozart\/Meyer: Der neue Schauspieldirektor &#8211; Operns\u00e4ngerin, Halle 2022 \/\/ Sondheim: Into the Woods &#8211; Cinderella, Halle 2022 \/\/ H\u00e4ndel: Julius C\u00e4sar in \u00c4gypten &#8211; Cleopatra, Halle 2019 \/\/ Verdi: Un ballo in maschera &#8211; Oscar, Halle 2019 \u00a0\/\/ H\u00e4ndel: Orlando, Halle 2022 \/\/ Mozart: Hochzeit des Figaro (s-w), Halle 2022<br \/>\u00a9\u00a0Uwe Hauth | Mozart: Die Entf\u00fchrung aus dem Serail, Rheinsberg 2022<br \/>\u00a9\u00a0Federico\u00a0Pedrotti | Abraham: Viktoria und ihr Husar, Halle 2021 \/\/ H\u00e4ndel: Brockes Passion &#8211; Tochter Zion, Halle 2021 \/\/ Britten: Ein \u00a0Sommernachtstraum &#8211; Titania, Halle 2021 \/\/ H\u00e4ndel: Orlando, Halle 2022<br \/>\u00a9\u00a0Falk Wenzel |\u00a0Mozart: Bastien &amp; Bastienne &#8211; Bastienne, Halle 2018 \/\/\u00a0H\u00e4ndel: Julius C\u00e4sar in \u00c4gypten &#8211; Cleopatra, Halle 2019 \/\/\u00a0H\u00e4ndel: Teseo &#8211; Agilea, Halle 2020 \u00a0\/\/ Mozart: Don Giovanni &#8211; Zerlina, Halle 2020 \/\/ Dvo\u0159\u00e1k: Rusalka &#8211; K\u00fcchenjunge, Halle 2020<br \/>\u00a9 Nasser Hashemi | Mozart: Die Zauberfl\u00f6te &#8211; K\u00f6nigin der Nacht, Chemnitz 2019<br \/>\u00a9 Barbara P\u00e1lffy, Karlheinz Hanser,\u00a0Christine Kaufmann | Mozart: Die Zauberfl\u00f6te &#8211; K\u00f6nigin der Nacht, Wien 2018<br \/>\u00a9 Miso Prodanovic | Mozart: Die Zauberfl\u00f6te &#8211; K\u00f6nigin der Nacht, Sarajevo 2018<br \/>\u00a9\u00a0Marco Hartmann | Mozart: Die Entf\u00fchrung aus dem Serail &#8211; Blonde, Schweiz 2017<br \/>\u00a9 Stephan Holzer | H\u00e4ndel: Oreste &#8211; Ermione, Wien 2018<br \/>\u00a9 Oskar Steimel | Verdi: Falstaff &#8211; Nanetta, Wien 2016<\/p>\r\n<p>Webdesign &amp; Umsetzung:<\/p>\r\n<p>Fischi.cc &amp; Kirchner-development\u00a0<\/p>\r\n<p><br \/>Haftung f\u00fcr Inhalte<\/p>\r\n<p>Als Diensteanbieter sind wir gem\u00e4\u00df \u00a7 7 Abs.1 TMG f\u00fcr eigene Inhalte auf diesen Seiten nach den allgemeinen Gesetzen verantwortlich. Nach \u00a7\u00a7 8 bis 10 TMG sind wir als Diensteanbieter jedoch nicht verpflichtet, \u00fcbermittelte oder gespeicherte fremde Informationen zu \u00fcberwachen oder nach Umst\u00e4nden zu forschen, die auf eine rechtswidrige T\u00e4tigkeit hinweisen.<\/p>\r\n<p>Verpflichtungen zur Entfernung oder Sperrung der Nutzung von Informationen nach den allgemeinen Gesetzen bleiben hiervon unber\u00fchrt. Eine diesbez\u00fcgliche Haftung ist jedoch erst ab dem Zeitpunkt der Kenntnis einer konkreten Rechtsverletzung m\u00f6glich. Bei Bekanntwerden von entsprechenden Rechtsverletzungen werden wir diese Inhalte umgehend entfernen.<\/p>\r\n<h3>Haftung f\u00fcr Links<\/h3>\r\n<p>Unser Angebot enth\u00e4lt Links zu externen Webseiten Dritter, auf deren Inhalte wir keinen Einfluss haben. Deshalb k\u00f6nnen wir f\u00fcr diese fremden Inhalte auch keine Gew\u00e4hr \u00fcbernehmen. F\u00fcr die Inhalte der verlinkten Seiten ist stets der jeweilige Anbieter oder Betreiber der Seiten verantwortlich. Die verlinkten Seiten wurden zum Zeitpunkt der Verlinkung auf m\u00f6gliche Rechtsverst\u00f6\u00dfe \u00fcberpr\u00fcft. Rechtswidrige Inhalte waren zum Zeitpunkt der Verlinkung nicht erkennbar. Eine permanente inhaltliche Kontrolle der verlinkten Seiten ist jedoch ohne konkrete Anhaltspunkte einer Rechtsverletzung nicht zumutbar. Bei Bekanntwerden von Rechtsverletzungen werden wir derartige Links umgehend entfernen.<\/p>\r\n<p>&nbsp;<\/p>\r\n<p>Urheberrecht<\/p>\r\n<p>Die durch die Seitenbetreiber erstellten Inhalte und Werke auf diesen Seiten unterliegen dem deutschen Urheberrecht. Die Vervielf\u00e4ltigung, Bearbeitung, Verbreitung und jede Art der Verwertung au\u00dferhalb der Grenzen des Urheberrechtes bed\u00fcrfen der schriftlichen Zustimmung des jeweiligen Autors bzw. Erstellers. Downloads und Kopien dieser Seite sind nur f\u00fcr den privaten, nicht kommerziellen Gebrauch gestattet.<\/p>\r\n<p>Soweit die Inhalte auf dieser Seite nicht vom Betreiber erstellt wurden, werden die Urheberrechte Dritter beachtet. Insbesondere werden Inhalte Dritter als solche gekennzeichnet. Sollten Sie trotzdem auf eine Urheberrechtsverletzung aufmerksam werden, bitten wir um einen entsprechenden Hinweis. Bei Bekanntwerden von Rechtsverletzungen werden wir derartige Inhalte umgehend entfernen.<\/p>\r\n<p>&nbsp;<\/p>\r\n<p>Die Europ\u00e4ische Kommission stellt eine Plattform f\u00fcr die au\u00dfergerichtliche Online-Streitbeilegung (OS-Plattform) bereit, die unter<a href=\"http:\/\/www.ec.europa.eu\/consumers\/odr\">www.ec.europa.eu\/consumers\/odr<\/a> aufrufbar ist. Wir sind nicht bereit und nicht verpflichtet, an dieser Streitbeilegung teilzunehmen.<\/p>\r\n<p>\r\n\r\n<\/p>\r\n<p>&nbsp;<\/p>\r\n","protected":false},"excerpt":{"rendered":"<p>Vanessa Waldhart &nbsp; Angaben gem\u00e4\u00df \u00a75 TMG: www.vanessa-waldhart.com ist ein Angebot von Vanessa Waldhart \u200d E-Mail-Adresse: kontakt@vanessa-waldhart.com Fotomaterial:\u00a0 Portraitfotos: \u00a9 Anna Kolata |\u00a0\u00a9 Privat\u00a0| \u00a9 Rafael Hintersteiner | \u00a9 Dominik Pirchner Konzertfotos: \u00a9 art_DELiRiUM Production | Bach: WO \u00a9 Reinhold Sigl | CLIP Portofino \u00a9 Sara Rosati | GLUCK: \u00a9 Beth Chalmers | Int. Renata&#8230;  <a class=\"excerpt-read-more\" href=\"https:\/\/vanessa-waldhart.com\/en\/copyright-page\/\" title=\"LesenCopyright\">Mehr &raquo;<\/a><\/p>\n","protected":false},"author":2,"featured_media":0,"parent":0,"menu_order":0,"comment_status":"closed","ping_status":"closed","template":"","meta":{"footnotes":""},"class_list":["post-581","page","type-page","status-publish","hentry"],"yoast_head":"<!-- This site is optimized with the Yoast SEO plugin v27.5 - https:\/\/yoast.com\/product\/yoast-seo-wordpress\/ -->\n<title>Copyright - Vanessa Waldhart<\/title>\n<meta name=\"robots\" content=\"index, follow, max-snippet:-1, max-image-preview:large, max-video-preview:-1\" \/>\n<link rel=\"canonical\" href=\"https:\/\/vanessa-waldhart.com\/en\/copyright-page\/\" \/>\n<meta property=\"og:locale\" content=\"en_US\" \/>\n<meta property=\"og:type\" content=\"article\" \/>\n<meta property=\"og:title\" content=\"Copyright - Vanessa Waldhart\" \/>\n<meta property=\"og:description\" content=\"Vanessa Waldhart &nbsp; Angaben gem\u00e4\u00df \u00a75 TMG: www.vanessa-waldhart.com ist ein Angebot von Vanessa Waldhart \u200d E-Mail-Adresse: kontakt@vanessa-waldhart.com Fotomaterial:\u00a0 Portraitfotos: \u00a9 Anna Kolata |\u00a0\u00a9 Privat\u00a0| \u00a9 Rafael Hintersteiner | \u00a9 Dominik Pirchner Konzertfotos: \u00a9 art_DELiRiUM Production | Bach: WO \u00a9 Reinhold Sigl | CLIP Portofino \u00a9 Sara Rosati | GLUCK: \u00a9 Beth Chalmers | Int. Renata... Mehr &raquo;\" \/>\n<meta property=\"og:url\" content=\"https:\/\/vanessa-waldhart.com\/en\/copyright-page\/\" \/>\n<meta property=\"og:site_name\" content=\"Vanessa Waldhart\" \/>\n<meta property=\"article:modified_time\" content=\"2026-02-10T15:06:55+00:00\" \/>\n<meta name=\"twitter:card\" content=\"summary_large_image\" \/>\n<meta name=\"twitter:label1\" content=\"Est. reading time\" \/>\n\t<meta name=\"twitter:data1\" content=\"4 minutes\" \/>\n<script type=\"application\/ld+json\" class=\"yoast-schema-graph\">{\"@context\":\"https:\\\/\\\/schema.org\",\"@graph\":[{\"@type\":\"WebPage\",\"@id\":\"https:\\\/\\\/vanessa-waldhart.com\\\/en\\\/copyright-page\\\/\",\"url\":\"https:\\\/\\\/vanessa-waldhart.com\\\/en\\\/copyright-page\\\/\",\"name\":\"Copyright - Vanessa Waldhart\",\"isPartOf\":{\"@id\":\"https:\\\/\\\/vanessa-waldhart.com\\\/#website\"},\"datePublished\":\"2019-02-01T01:01:55+00:00\",\"dateModified\":\"2026-02-10T15:06:55+00:00\",\"breadcrumb\":{\"@id\":\"https:\\\/\\\/vanessa-waldhart.com\\\/en\\\/copyright-page\\\/#breadcrumb\"},\"inLanguage\":\"en-US\",\"potentialAction\":[{\"@type\":\"ReadAction\",\"target\":[\"https:\\\/\\\/vanessa-waldhart.com\\\/en\\\/copyright-page\\\/\"]}]},{\"@type\":\"BreadcrumbList\",\"@id\":\"https:\\\/\\\/vanessa-waldhart.com\\\/en\\\/copyright-page\\\/#breadcrumb\",\"itemListElement\":[{\"@type\":\"ListItem\",\"position\":1,\"name\":\"Startseite\",\"item\":\"https:\\\/\\\/vanessa-waldhart.com\\\/en\\\/\"},{\"@type\":\"ListItem\",\"position\":2,\"name\":\"Copyright\"}]},{\"@type\":\"WebSite\",\"@id\":\"https:\\\/\\\/vanessa-waldhart.com\\\/#website\",\"url\":\"https:\\\/\\\/vanessa-waldhart.com\\\/\",\"name\":\"Vanessa Waldhart | Operns\u00e4ngerin Sopran\",\"description\":\"Operns\u00e4ngerin Sopran aus \u00d6sterreich\",\"potentialAction\":[{\"@type\":\"SearchAction\",\"target\":{\"@type\":\"EntryPoint\",\"urlTemplate\":\"https:\\\/\\\/vanessa-waldhart.com\\\/?s={search_term_string}\"},\"query-input\":{\"@type\":\"PropertyValueSpecification\",\"valueRequired\":true,\"valueName\":\"search_term_string\"}}],\"inLanguage\":\"en-US\"}]}<\/script>\n<!-- \/ Yoast SEO plugin. -->","yoast_head_json":{"title":"Copyright - Vanessa Waldhart","robots":{"index":"index","follow":"follow","max-snippet":"max-snippet:-1","max-image-preview":"max-image-preview:large","max-video-preview":"max-video-preview:-1"},"canonical":"https:\/\/vanessa-waldhart.com\/en\/copyright-page\/","og_locale":"en_US","og_type":"article","og_title":"Copyright - Vanessa Waldhart","og_description":"Vanessa Waldhart &nbsp; Angaben gem\u00e4\u00df \u00a75 TMG: www.vanessa-waldhart.com ist ein Angebot von Vanessa Waldhart \u200d E-Mail-Adresse: kontakt@vanessa-waldhart.com Fotomaterial:\u00a0 Portraitfotos: \u00a9 Anna Kolata |\u00a0\u00a9 Privat\u00a0| \u00a9 Rafael Hintersteiner | \u00a9 Dominik Pirchner Konzertfotos: \u00a9 art_DELiRiUM Production | Bach: WO \u00a9 Reinhold Sigl | CLIP Portofino \u00a9 Sara Rosati | GLUCK: \u00a9 Beth Chalmers | Int. Renata... Mehr &raquo;","og_url":"https:\/\/vanessa-waldhart.com\/en\/copyright-page\/","og_site_name":"Vanessa Waldhart","article_modified_time":"2026-02-10T15:06:55+00:00","twitter_card":"summary_large_image","twitter_misc":{"Est. reading time":"4 minutes"},"schema":{"@context":"https:\/\/schema.org","@graph":[{"@type":"WebPage","@id":"https:\/\/vanessa-waldhart.com\/en\/copyright-page\/","url":"https:\/\/vanessa-waldhart.com\/en\/copyright-page\/","name":"Copyright - Vanessa Waldhart","isPartOf":{"@id":"https:\/\/vanessa-waldhart.com\/#website"},"datePublished":"2019-02-01T01:01:55+00:00","dateModified":"2026-02-10T15:06:55+00:00","breadcrumb":{"@id":"https:\/\/vanessa-waldhart.com\/en\/copyright-page\/#breadcrumb"},"inLanguage":"en-US","potentialAction":[{"@type":"ReadAction","target":["https:\/\/vanessa-waldhart.com\/en\/copyright-page\/"]}]},{"@type":"BreadcrumbList","@id":"https:\/\/vanessa-waldhart.com\/en\/copyright-page\/#breadcrumb","itemListElement":[{"@type":"ListItem","position":1,"name":"Startseite","item":"https:\/\/vanessa-waldhart.com\/en\/"},{"@type":"ListItem","position":2,"name":"Copyright"}]},{"@type":"WebSite","@id":"https:\/\/vanessa-waldhart.com\/#website","url":"https:\/\/vanessa-waldhart.com\/","name":"Vanessa Waldhart | Operns\u00e4ngerin Sopran","description":"Operns\u00e4ngerin Sopran aus \u00d6sterreich","potentialAction":[{"@type":"SearchAction","target":{"@type":"EntryPoint","urlTemplate":"https:\/\/vanessa-waldhart.com\/?s={search_term_string}"},"query-input":{"@type":"PropertyValueSpecification","valueRequired":true,"valueName":"search_term_string"}}],"inLanguage":"en-US"}]}},"_links":{"self":[{"href":"https:\/\/vanessa-waldhart.com\/en\/wp-json\/wp\/v2\/pages\/581","targetHints":{"allow":["GET"]}}],"collection":[{"href":"https:\/\/vanessa-waldhart.com\/en\/wp-json\/wp\/v2\/pages"}],"about":[{"href":"https:\/\/vanessa-waldhart.com\/en\/wp-json\/wp\/v2\/types\/page"}],"author":[{"embeddable":true,"href":"https:\/\/vanessa-waldhart.com\/en\/wp-json\/wp\/v2\/users\/2"}],"replies":[{"embeddable":true,"href":"https:\/\/vanessa-waldhart.com\/en\/wp-json\/wp\/v2\/comments?post=581"}],"version-history":[{"count":17,"href":"https:\/\/vanessa-waldhart.com\/en\/wp-json\/wp\/v2\/pages\/581\/revisions"}],"predecessor-version":[{"id":3015,"href":"https:\/\/vanessa-waldhart.com\/en\/wp-json\/wp\/v2\/pages\/581\/revisions\/3015"}],"wp:attachment":[{"href":"https:\/\/vanessa-waldhart.com\/en\/wp-json\/wp\/v2\/media?parent=581"}],"curies":[{"name":"wp","href":"https:\/\/api.w.org\/{rel}","templated":true}]}}