{"id":555,"date":"2019-01-20T01:59:38","date_gmt":"2019-01-20T00:59:38","guid":{"rendered":"https:\/\/vanessa-waldhart.com\/?page_id=555"},"modified":"2026-03-10T15:03:46","modified_gmt":"2026-03-10T14:03:46","slug":"repertoire","status":"publish","type":"page","link":"https:\/\/vanessa-waldhart.com\/en\/repertoire\/","title":{"rendered":"Repertoire"},"content":{"rendered":"<hr class=\"wp-block-separator\" \/>\r\n\r\n\r\n<h3 class=\"wp-block-heading\"><strong>Repertoire Opera\/Operetta<\/strong><\/h3>\r\n\r\n\r\n<hr class=\"wp-block-separator\" \/>\r\n\r\n\r\n<p>ROLES:\u00a0\u00a0\u00a0\u00a0\u00a0\u00a0\u00a0\u00a0\u00a0\u00a0\u00a0\u00a0<\/p>\r\n\r\n\r\n\r\n<h4 class=\"wp-block-heading\">Monteverdi<\/h4>\r\n<p><strong>Drusilla &amp; Amore<\/strong> in \u201eL\u2018incoronazione di Poppea\u201d<\/p>\r\n<h4>Purcell<\/h4>\r\n\r\n\r\n\r\n<p><strong>1. Witch\u00a0&amp;\u00a0Spirit<\/strong> in \u201eDido and Aeneas\u201c<\/p>\r\n\r\n\r\n\r\n<h4 class=\"wp-block-heading\">Handel<\/h4>\r\n\r\n\r\n\r\n<p><strong>Asteria<\/strong> in \u201eTamerlano\u201c<\/p>\r\n\r\n\r\n\r\n\r\n\r\n<p><strong>Ermione<\/strong> in \u201eOreste\u201c<\/p>\r\n\r\n\r\n\r\n\r\n\r\n<p><strong>Cleopatra<em>\u00a0<\/em><\/strong>in \u201eGiulio Cesare in Egitto\u201c (ger)<\/p>\r\n<p><strong>Agilea<\/strong>\u00a0in \u201eTeseo\u201c<\/p>\r\n<p><strong>Dorinda<\/strong>\u00a0in \u201eOrlando\u201c<\/p>\r\n<p><strong>Atalanta<\/strong>\u00a0in \u201eSerse\u201c<\/p>\r\n<p><b>Poppea <\/b>in \u201eAgrippina\u201d<\/p>\r\n\r\n\r\n\r\n<h4 class=\"wp-block-heading\">Gluck<\/h4>\r\n<p><strong>Vitellia<\/strong> in \u201eLa clemenza di Tito\u201c<\/p>\r\n<h4>Mozart<\/h4>\r\n\r\n\r\n\r\n<p><strong>Blonde\u00a0<\/strong>in \u201eThe Abduction from the Seraglio\u201c<\/p>\r\n\r\n\r\n\r\n\r\n\r\n<p><span style=\"font-weight: 600;\">Konstanze<\/span> in \u201eThe Abduction from the Seraglio\u201c<\/p>\r\n<p><span style=\"font-weight: 600;\">Zerlina<\/span> in \u201eDon Giovanni\u201c<\/p>\r\n\r\n\r\n\r\n\r\n\r\n<p><strong>Queen of the Night<em>\u00a0<\/em><\/strong>in \u201eThe Magic flute\u201c<\/p>\r\n\r\n\r\n\r\n<p><strong>Papagena\u00a0<\/strong>in \u201eThe Magic flute\u201c<\/p>\r\n\r\n\r\n\r\n\r\n\r\n<p><strong>Susanna\u00a0<\/strong>in \u201eLe Nozze di Figaro\u201c (ger)<\/p>\r\n\r\n\r\n\r\n\r\n\r\n<p><strong>Bastienne<em>\u00a0<\/em><\/strong>in \u201eBastien and Bastienne\u201c<\/p>\r\n\r\n\r\n\r\n<h4 class=\"wp-block-heading\">Weber<\/h4>\r\n<p><strong>\u00c4nnchen<\/strong>\u00a0in \u201eDer Freisch\u00fctz\u201c<\/p>\r\n<h4>Rossini<\/h4>\r\n<p><strong>Rosina<\/strong>\u00a0in \u201eIl barbiere di Siviglia\u201c<\/p>\r\n<h4>Humperdinck<\/h4>\r\n\r\n\r\n\r\n<p><strong>Gretel<\/strong> in \u201eH\u00e4nsel and Gretel\u201c<br \/><strong><br \/>Sandman\/Drew Fairy<\/strong>\u00a0in \u201eH\u00e4nsel and Gretel\u201c<\/p>\r\n\r\n\r\n\r\n<h4 class=\"wp-block-heading\">Donizetti<\/h4>\r\n<p><strong>Luigia\/Elvida<\/strong> in \u201eViva la mamma\u201d (new adaption)<\/p>\r\n<h4>Puccini<\/h4>\r\n<p><strong>Musetta<\/strong> in \u201eLa Boh\u00e8me\u201c<\/p>\r\n<h4>Verdi<\/h4>\r\n\r\n\r\n\r\n<p><strong>Nanetta<\/strong>\u00a0in \u201eFalstaff\u201c<\/p>\r\n\r\n\r\n\r\n<p><strong>Oscar\u00a0<\/strong>in \u201eUn ballo in maschera\u201c<\/p>\r\n\r\n\r\n\r\n<h4 class=\"wp-block-heading\">Strauss<\/h4>\r\n<p><strong>Fiakermilli<\/strong>\u00a0in \u201eArabella\u201c<\/p>\r\n<h4 id=\"mce_16\">Britten<\/h4>\r\n<h4>\r\n\r\n<\/h4>\r\n<p><strong>Tytania<\/strong> in \u201eA Midsummer Night&#8217;s Dream\u201c (ger)<\/p>\r\n<h4>Offenbach<\/h4>\r\n<p><strong>Olympia<\/strong>\u00a0in \u201eLes contes d&#8217;Hoffmann\u201c<\/p>\r\n<p><strong>Eurydike<\/strong> in \u201eOrpheus in the Underworld\u201c (ger)<\/p>\r\n<h4>Strau\u00df<\/h4>\r\n<p><strong>Adele<\/strong> in \u201eDie Fledermaus\u201c<\/p>\r\n<h4>K\u00e1lm\u00e1n<\/h4>\r\n<p><b>Comtesse Stasi<\/b> in \u201eCs\u00e1rd\u00e1sf\u00fcrstin&#8221;<\/p>\r\n<h4>Abraham<\/h4>\r\n<p>\r\n\r\n<\/p>\r\n<p><strong>O Lia San<\/strong>\u00a0in \u201eViktoria und ihr Husar\u201c<\/p>\r\n<div class=\"page\" title=\"Page 3\">\r\n<div class=\"layoutArea\">\r\n<div class=\"column\">\r\n<h4>Weill\/Brecht<\/h4>\r\n<h4>\r\n\r\n<\/h4>\r\n<p><strong>Lucy<\/strong>\u00a0in \u201eDie Dreigroschenoper\u201c<\/p>\r\n<h4>Sondheim<\/h4>\r\n<p>\r\n\r\n<\/p>\r\n<p><strong>Cinderella<\/strong>\u00a0in \u201eInto the Woods\u201c (ger)<\/p>\r\n<h4>E\u00f6tv\u00f6s<\/h4>\r\n<p>\r\n\r\n<\/p>\r\n<p><strong>The little One\/The Young Woman <\/strong>in \u201eThe golden dragon\u201c (ger)<\/p>\r\n<\/div>\r\n<\/div>\r\n<\/div>\r\n\r\n\r\n<hr class=\"wp-block-separator\" \/>\r\n\r\n\r\n<p>STUDIED ROLES:<\/p>\r\n\r\n\r\n\r\n<h4 class=\"wp-block-heading\">Bernstein<\/h4>\r\n<p><strong>Cunegonde<\/strong>\u00a0in \u201eCandide\u201c (ger)<\/p>\r\n<div class=\"page\" title=\"Page 3\">\r\n<div class=\"layoutArea\">\r\n<p>As well as chosen arias and excerpts of Handel \u201eAlcina\u201c \u2013 Morgana, Mozart \u201eLucio Silla\u201c \u2013 Giunia, Delibes \u201eLakm\u00e9\u201c \u2013 Lakm\u00e9, Donizetti \u201eLinda di Chamounix\u201c \u2013 Linda, Donizetti \u201eDon Pasquale\u201c \u2013 Norina, Bellini \u201eLa Sonnambula\u201c \u2013 Amina, a.o.<\/p>\r\n<p>ROLES IN PREPARITION:<\/p>\r\n<h4>Gluck<\/h4>\r\n<p><b>Amore<\/b> in \u201eParide ed Elena&#8221;<\/p>\r\n<h4>Handel<\/h4>\r\n<p><b>Armida<\/b> in \u201eRinaldo&#8221;<\/p>\r\n<h4>Verdi<\/h4>\r\n<p><b>Gilda <\/b>in \u201eRigoletto&#8221;<\/p>\r\n<\/div>\r\n<\/div>\r\n<p>\r\n\r\n<\/p>\r\n\r\n\r\n<hr class=\"wp-block-separator\" \/>\r\n\r\n\r\n<h3 class=\"wp-block-heading\"><strong>Repertoire Oratorio<\/strong> <strong>Soprano solo<\/strong><\/h3>\r\n\r\n\r\n<hr class=\"wp-block-separator\" \/>\r\n\r\n\r\n<h4 class=\"wp-block-heading\">Bach<\/h4>\r\n\r\n\r\n\r\n<p>Magnificat in D-Dur BWV 243<br \/>Christmas Oratorio I-III<br \/>Johannespassion BWV 245<\/p>\r\n\r\n\r\n\r\n<h4 class=\"wp-block-heading\">Pergolesi\u00a0<\/h4>\r\n\r\n\r\n\r\n<p>Stabat mater\u00a0<\/p>\r\n\r\n\r\n\r\n<h4 class=\"wp-block-heading\">Handel<\/h4>\r\n\r\n\r\n\r\n<p>Dixit Dominus HWV 232<br \/>Messiah HWV 56<br \/>Brockes Passion &#8211; Tochter Zion (scenic) \/ Soprano solo<br \/>Il delirio amoroso\u00a0<br \/>Apollo e Dafne<\/p>\r\n\r\n\r\n\r\n<h4 class=\"wp-block-heading\">Schweitzer<\/h4>\r\n<p>Polyxena<\/p>\r\n<h4>Mozart<\/h4>\r\n\r\n\r\n\r\n<p>Missa in C KV 220 (196b) \u201eSpatzenmesse\u201c<br \/>Credo-Messe C-Major KV 257\u00a0<br \/>Coronation Mass C-Major KV 317<br \/>Exsultate jubilate KV 165 (158a)<br \/>Requiem<\/p>\r\n\r\n\r\n\r\n\r\n\r\n<h4 class=\"wp-block-heading\">Beethoven<\/h4>\r\n<p>9th Symphony\u00a0<\/p>\r\n<h4>Haydn<\/h4>\r\n\r\n\r\n\r\n<p>The Creation &#8211; Eva\/Gabriel<br \/>Missa brevis Sancti Joannis de Deo in B-Dur Hob. XXII:7\u00a0<br \/>Missa G-Major Sancti Nicolai\u00a0<\/p>\r\n\r\n\r\n\r\n\r\n\r\n\r\n\r\n\r\n\r\n<h4 class=\"wp-block-heading\">Schubert<\/h4>\r\n\r\n\r\n\r\n<p>Messe in G D 167<br \/>Messe in C D 452\u00a0<\/p>\r\n\r\n\r\n\r\n\r\n\r\n<h4 class=\"wp-block-heading\">Saint-Sa\u00ebns<\/h4>\r\n<h4>\r\n\r\n<\/h4>\r\n<p>Oratorio de No\u00ebl<\/p>\r\n<h4>Orff<\/h4>\r\n<h4>\r\n\r\n<\/h4>\r\n<p>Carmina Burana<\/p>\r\n<h4>Mahler<\/h4>\r\n<p>4. Symphony<\/p>\r\n\r\n\r\n<hr class=\"wp-block-separator\" \/>\r\n\r\n\r\n<h3 class=\"wp-block-heading\"><strong>Repertoire Song cycles<\/strong><\/h3>\r\n\r\n\r\n<hr class=\"wp-block-separator\" \/>\r\n\r\n\r\n<h4 class=\"wp-block-heading\">R. Strauss\u00a0<\/h4>\r\n\r\n\r\n\r\n<p>M\u00e4dchenblumen:\u00a0<\/p>\r\n\r\n\r\n\r\n<p>Kornblumen \u2013 Mohnblumen \u2013 Epheu \u2013 Wasserrose<\/p>\r\n\r\n\r\n\r\n<h4 class=\"wp-block-heading\">R. Strauss<\/h4>\r\n\r\n\r\n\r\n<p>Op. 10:\u00a0<\/p>\r\n\r\n\r\n\r\n<p>Zueignung \u2013 Nichts \u2013 Die Nacht \u2013 Die Georgine \u2013 Geduld \u2013 Die Verschwiegenen \u2013 Die Zeitlose \u2013 Allerseelen<\/p>\r\n\r\n\r\n\r\n<h4 class=\"wp-block-heading\">C. Debussy<\/h4>\r\n\r\n\r\n\r\n<p>Quatre chansons de Jeunesse:\u00a0<\/p>\r\n\r\n\r\n\r\n<p>Pantomime \u2013 Claire de lune \u2013 Pierrot \u2013 Apparition<\/p>\r\n\r\n\r\n\r\n<div class=\"page\" title=\"Page 4\">\r\n<div class=\"layoutArea\">\r\n<div class=\"column\">\r\n<p>As well as chosen songs of different composers like R. Strauss, H. Wolf, C. Debussy, G. Bizet, F. Schubert, R. Schumann, W. A. Mozart, K. Szymanowski a.o.<\/p>\r\n<\/div>\r\n<\/div>\r\n<\/div>\r\n","protected":false},"excerpt":{"rendered":"<p>Repertoire Opera\/Operetta ROLES:\u00a0\u00a0\u00a0\u00a0\u00a0\u00a0\u00a0\u00a0\u00a0\u00a0\u00a0\u00a0 Monteverdi Drusilla &amp; Amore in \u201eL\u2018incoronazione di Poppea\u201d Purcell 1. Witch\u00a0&amp;\u00a0Spirit in \u201eDido and Aeneas\u201c Handel Asteria in \u201eTamerlano\u201c Ermione in \u201eOreste\u201c Cleopatra\u00a0in \u201eGiulio Cesare in Egitto\u201c (ger) Agilea\u00a0in \u201eTeseo\u201c Dorinda\u00a0in \u201eOrlando\u201c Atalanta\u00a0in \u201eSerse\u201c Poppea in \u201eAgrippina\u201d Gluck Vitellia in \u201eLa clemenza di Tito\u201c Mozart Blonde\u00a0in \u201eThe Abduction from the Seraglio\u201c Konstanze&#8230;  <a class=\"excerpt-read-more\" href=\"https:\/\/vanessa-waldhart.com\/en\/repertoire\/\" title=\"LesenRepertoire\">Mehr &raquo;<\/a><\/p>\n","protected":false},"author":2,"featured_media":0,"parent":0,"menu_order":0,"comment_status":"closed","ping_status":"closed","template":"","meta":{"footnotes":""},"class_list":["post-555","page","type-page","status-publish","hentry"],"yoast_head":"<!-- This site is optimized with the Yoast SEO plugin v27.5 - https:\/\/yoast.com\/product\/yoast-seo-wordpress\/ -->\n<title>Repertoire - Vanessa Waldhart<\/title>\n<meta name=\"robots\" content=\"index, follow, max-snippet:-1, max-image-preview:large, max-video-preview:-1\" \/>\n<link rel=\"canonical\" href=\"https:\/\/vanessa-waldhart.com\/en\/repertoire\/\" \/>\n<meta property=\"og:locale\" content=\"en_US\" \/>\n<meta property=\"og:type\" content=\"article\" \/>\n<meta property=\"og:title\" content=\"Repertoire - Vanessa Waldhart\" \/>\n<meta property=\"og:description\" content=\"Repertoire Opera\/Operetta ROLES:\u00a0\u00a0\u00a0\u00a0\u00a0\u00a0\u00a0\u00a0\u00a0\u00a0\u00a0\u00a0 Monteverdi Drusilla &amp; Amore in \u201eL\u2018incoronazione di Poppea\u201d Purcell 1. Witch\u00a0&amp;\u00a0Spirit in \u201eDido and Aeneas\u201c Handel Asteria in \u201eTamerlano\u201c Ermione in \u201eOreste\u201c Cleopatra\u00a0in \u201eGiulio Cesare in Egitto\u201c (ger) Agilea\u00a0in \u201eTeseo\u201c Dorinda\u00a0in \u201eOrlando\u201c Atalanta\u00a0in \u201eSerse\u201c Poppea in \u201eAgrippina\u201d Gluck Vitellia in \u201eLa clemenza di Tito\u201c Mozart Blonde\u00a0in \u201eThe Abduction from the Seraglio\u201c Konstanze... Mehr &raquo;\" \/>\n<meta property=\"og:url\" content=\"https:\/\/vanessa-waldhart.com\/en\/repertoire\/\" \/>\n<meta property=\"og:site_name\" content=\"Vanessa Waldhart\" \/>\n<meta property=\"article:modified_time\" content=\"2026-03-10T14:03:46+00:00\" \/>\n<meta name=\"twitter:card\" content=\"summary_large_image\" \/>\n<meta name=\"twitter:label1\" content=\"Est. reading time\" \/>\n\t<meta name=\"twitter:data1\" content=\"3 minutes\" \/>\n<script type=\"application\/ld+json\" class=\"yoast-schema-graph\">{\"@context\":\"https:\\\/\\\/schema.org\",\"@graph\":[{\"@type\":\"WebPage\",\"@id\":\"https:\\\/\\\/vanessa-waldhart.com\\\/en\\\/repertoire\\\/\",\"url\":\"https:\\\/\\\/vanessa-waldhart.com\\\/en\\\/repertoire\\\/\",\"name\":\"Repertoire - Vanessa Waldhart\",\"isPartOf\":{\"@id\":\"https:\\\/\\\/vanessa-waldhart.com\\\/#website\"},\"datePublished\":\"2019-01-20T00:59:38+00:00\",\"dateModified\":\"2026-03-10T14:03:46+00:00\",\"breadcrumb\":{\"@id\":\"https:\\\/\\\/vanessa-waldhart.com\\\/en\\\/repertoire\\\/#breadcrumb\"},\"inLanguage\":\"en-US\",\"potentialAction\":[{\"@type\":\"ReadAction\",\"target\":[\"https:\\\/\\\/vanessa-waldhart.com\\\/en\\\/repertoire\\\/\"]}]},{\"@type\":\"BreadcrumbList\",\"@id\":\"https:\\\/\\\/vanessa-waldhart.com\\\/en\\\/repertoire\\\/#breadcrumb\",\"itemListElement\":[{\"@type\":\"ListItem\",\"position\":1,\"name\":\"Startseite\",\"item\":\"https:\\\/\\\/vanessa-waldhart.com\\\/en\\\/\"},{\"@type\":\"ListItem\",\"position\":2,\"name\":\"Repertoire\"}]},{\"@type\":\"WebSite\",\"@id\":\"https:\\\/\\\/vanessa-waldhart.com\\\/#website\",\"url\":\"https:\\\/\\\/vanessa-waldhart.com\\\/\",\"name\":\"Vanessa Waldhart | Operns\u00e4ngerin Sopran\",\"description\":\"Operns\u00e4ngerin Sopran aus \u00d6sterreich\",\"potentialAction\":[{\"@type\":\"SearchAction\",\"target\":{\"@type\":\"EntryPoint\",\"urlTemplate\":\"https:\\\/\\\/vanessa-waldhart.com\\\/?s={search_term_string}\"},\"query-input\":{\"@type\":\"PropertyValueSpecification\",\"valueRequired\":true,\"valueName\":\"search_term_string\"}}],\"inLanguage\":\"en-US\"}]}<\/script>\n<!-- \/ Yoast SEO plugin. -->","yoast_head_json":{"title":"Repertoire - Vanessa Waldhart","robots":{"index":"index","follow":"follow","max-snippet":"max-snippet:-1","max-image-preview":"max-image-preview:large","max-video-preview":"max-video-preview:-1"},"canonical":"https:\/\/vanessa-waldhart.com\/en\/repertoire\/","og_locale":"en_US","og_type":"article","og_title":"Repertoire - Vanessa Waldhart","og_description":"Repertoire Opera\/Operetta ROLES:\u00a0\u00a0\u00a0\u00a0\u00a0\u00a0\u00a0\u00a0\u00a0\u00a0\u00a0\u00a0 Monteverdi Drusilla &amp; Amore in \u201eL\u2018incoronazione di Poppea\u201d Purcell 1. Witch\u00a0&amp;\u00a0Spirit in \u201eDido and Aeneas\u201c Handel Asteria in \u201eTamerlano\u201c Ermione in \u201eOreste\u201c Cleopatra\u00a0in \u201eGiulio Cesare in Egitto\u201c (ger) Agilea\u00a0in \u201eTeseo\u201c Dorinda\u00a0in \u201eOrlando\u201c Atalanta\u00a0in \u201eSerse\u201c Poppea in \u201eAgrippina\u201d Gluck Vitellia in \u201eLa clemenza di Tito\u201c Mozart Blonde\u00a0in \u201eThe Abduction from the Seraglio\u201c Konstanze... Mehr &raquo;","og_url":"https:\/\/vanessa-waldhart.com\/en\/repertoire\/","og_site_name":"Vanessa Waldhart","article_modified_time":"2026-03-10T14:03:46+00:00","twitter_card":"summary_large_image","twitter_misc":{"Est. reading time":"3 minutes"},"schema":{"@context":"https:\/\/schema.org","@graph":[{"@type":"WebPage","@id":"https:\/\/vanessa-waldhart.com\/en\/repertoire\/","url":"https:\/\/vanessa-waldhart.com\/en\/repertoire\/","name":"Repertoire - Vanessa Waldhart","isPartOf":{"@id":"https:\/\/vanessa-waldhart.com\/#website"},"datePublished":"2019-01-20T00:59:38+00:00","dateModified":"2026-03-10T14:03:46+00:00","breadcrumb":{"@id":"https:\/\/vanessa-waldhart.com\/en\/repertoire\/#breadcrumb"},"inLanguage":"en-US","potentialAction":[{"@type":"ReadAction","target":["https:\/\/vanessa-waldhart.com\/en\/repertoire\/"]}]},{"@type":"BreadcrumbList","@id":"https:\/\/vanessa-waldhart.com\/en\/repertoire\/#breadcrumb","itemListElement":[{"@type":"ListItem","position":1,"name":"Startseite","item":"https:\/\/vanessa-waldhart.com\/en\/"},{"@type":"ListItem","position":2,"name":"Repertoire"}]},{"@type":"WebSite","@id":"https:\/\/vanessa-waldhart.com\/#website","url":"https:\/\/vanessa-waldhart.com\/","name":"Vanessa Waldhart | Operns\u00e4ngerin Sopran","description":"Operns\u00e4ngerin Sopran aus \u00d6sterreich","potentialAction":[{"@type":"SearchAction","target":{"@type":"EntryPoint","urlTemplate":"https:\/\/vanessa-waldhart.com\/?s={search_term_string}"},"query-input":{"@type":"PropertyValueSpecification","valueRequired":true,"valueName":"search_term_string"}}],"inLanguage":"en-US"}]}},"_links":{"self":[{"href":"https:\/\/vanessa-waldhart.com\/en\/wp-json\/wp\/v2\/pages\/555","targetHints":{"allow":["GET"]}}],"collection":[{"href":"https:\/\/vanessa-waldhart.com\/en\/wp-json\/wp\/v2\/pages"}],"about":[{"href":"https:\/\/vanessa-waldhart.com\/en\/wp-json\/wp\/v2\/types\/page"}],"author":[{"embeddable":true,"href":"https:\/\/vanessa-waldhart.com\/en\/wp-json\/wp\/v2\/users\/2"}],"replies":[{"embeddable":true,"href":"https:\/\/vanessa-waldhart.com\/en\/wp-json\/wp\/v2\/comments?post=555"}],"version-history":[{"count":40,"href":"https:\/\/vanessa-waldhart.com\/en\/wp-json\/wp\/v2\/pages\/555\/revisions"}],"predecessor-version":[{"id":3019,"href":"https:\/\/vanessa-waldhart.com\/en\/wp-json\/wp\/v2\/pages\/555\/revisions\/3019"}],"wp:attachment":[{"href":"https:\/\/vanessa-waldhart.com\/en\/wp-json\/wp\/v2\/media?parent=555"}],"curies":[{"name":"wp","href":"https:\/\/api.w.org\/{rel}","templated":true}]}}