{"id":524,"date":"2019-01-20T01:22:35","date_gmt":"2019-01-20T00:22:35","guid":{"rendered":"https:\/\/vanessa-waldhart.com\/?page_id=524"},"modified":"2026-03-10T15:14:14","modified_gmt":"2026-03-10T14:14:14","slug":"about-me","status":"publish","type":"page","link":"https:\/\/vanessa-waldhart.com\/en\/about-me\/","title":{"rendered":"About me"},"content":{"rendered":"\r\n<h4 class=\"wp-block-image\"><strong>VANESSA WALDHART<\/strong><\/h4>\r\n<div>\u00a0<\/div>\r\n<div style=\"text-align: center;\"><img loading=\"lazy\" decoding=\"async\" class=\"alignnone  wp-image-2883\" src=\"https:\/\/vanessa-waldhart.com\/wp-content\/uploads\/2025\/06\/photo-2-200x300.png\" alt=\"\" width=\"400\" height=\"600\" srcset=\"https:\/\/vanessa-waldhart.com\/wp-content\/uploads\/2025\/06\/photo-2-200x300.png 200w, https:\/\/vanessa-waldhart.com\/wp-content\/uploads\/2025\/06\/photo-2-683x1024.png 683w, https:\/\/vanessa-waldhart.com\/wp-content\/uploads\/2025\/06\/photo-2-768x1152.png 768w, https:\/\/vanessa-waldhart.com\/wp-content\/uploads\/2025\/06\/photo-2-1024x1536.png 1024w, https:\/\/vanessa-waldhart.com\/wp-content\/uploads\/2025\/06\/photo-2-1365x2048.png 1365w, https:\/\/vanessa-waldhart.com\/wp-content\/uploads\/2025\/06\/photo-2-100x150.png 100w, https:\/\/vanessa-waldhart.com\/wp-content\/uploads\/2025\/06\/photo-2-720x1080.png 720w, https:\/\/vanessa-waldhart.com\/wp-content\/uploads\/2025\/06\/photo-2-529x793.png 529w, https:\/\/vanessa-waldhart.com\/wp-content\/uploads\/2025\/06\/photo-2-600x900.png 600w, https:\/\/vanessa-waldhart.com\/wp-content\/uploads\/2025\/06\/photo-2-1400x2100.png 1400w, https:\/\/vanessa-waldhart.com\/wp-content\/uploads\/2025\/06\/photo-2-1000x1500.png 1000w\" sizes=\"auto, (max-width: 400px) 100vw, 400px\" \/><\/div>\r\n<p><strong><br \/>The Austrian coloratura soprano is particularly praised by the press for her range, coloratura and acting skills: &#8220;highly expressive coloratura&#8221; (S\u00fcddeutsche Zeitung), &#8220;even the most difficult passages with apparent ease&#8221;\/&#8221;intense, excellent right up to the high notes&#8221; (Opernmagazin), &#8220;with beguiling coloratura&#8221; (concerti), &#8220;confident and stylistically assured&#8221;\/&#8221;comically excellent and vocally touching in the best sense of the word&#8221; (Opernwelt), &#8220;absolutely precise, savoured coloratura and ethereal intonation&#8221;\/&#8221;The discovery of the premiere evening&#8221; (operablog.org), &#8220;a luminous voice, adorned with elegant coloratura and an intensity of acting&#8221; (Kunst &amp; K\u00fcnste), &#8220;vocal acrobatics that are not forced in the slightest, but come across as impressively natural&#8221; (MZ), &#8220;perfect coloratura, attack and melancholic blossoms&#8221; (Neue Musikzeitung), &#8220;Very expressive and technically perfect&#8221;\/&#8221;with playfully light and virtuoso high notes&#8221; (klassikbegeistert), &#8220;crystal-clear high notes&#8221; (Saarbr\u00fccker Zeitung), &#8220;with sparkling fluency&#8221;\/&#8221;great potential in terms of acting and vocals&#8221; (FAZ), &#8220;fearlessly achieves the most difficult coloraturas&#8221; (OperaNow), &#8220;her dreamlike soprano voice in all its nuances, silvery, sun-bright, precise&#8221; (WPR)&#8230;<\/strong><br \/><strong>She was EVA KLEINITZ AWARD-winner at the 9th Concorso Lirico Internazionale Portofino (president of the international jury: Dominque Meyer) and finalist at the 9th Int. Renata Tebaldi Competition in San Marino. In 2022 she was nominated as \u201cNewcomer of the Year\u201d in the Yearbook of \u201cOpernwelt\u201d for her singing and acting performance.<\/strong><\/p>\r\n<p>Her repertoire includes roles like <strong>Queen of the Night<\/strong> in Mozart&#8217;s \u00bbThe Magic Flute\u00ab at Edda Moser&#8217;s &#8220;Festival of the German Language&#8221; in Bad Lauchst\u00e4dt, at National Theater in Sarajevo, Schlosstheater Sch\u00f6nbrunn Vienna, Theater Chemnitz, Opera Halle and Mecklenburg State Theater Schwerin, <b>Olympia <\/b>in Offenbach&#8217;s \u00bbContes d\u2019Hoffmann\u00ab, <b>Adele<\/b> in Strau\u00df\u2018 \u00bbFledermaus\u00ab,\u00a0<b>Rosina<\/b> in Rossini&#8217;s \u00bbBarbiere di Siviglia\u00ab, <b>Musetta<\/b> in Puccini\u2019s \u00bbLa Boh\u00e8me\u00ab, <strong>Oscar<\/strong> in Verdi&#8217;s \u00bbUn ballo in maschera\u00ab,\u00a0<strong>Titania<\/strong> in Britten&#8217;s \u00bbMidsummer Night&#8217;s Dream\u00ab at Oper Halle, <strong>Fiakermilli<\/strong> in Strauss&#8217; \u00bbArabella\u00ab at Aalto-Theater Essen, <strong>Konstanze<\/strong> in Mozarts \u00bbEntf\u00fchrung aus dem Serail\u00ab at Chamber Opera Schloss Rheinsberg,\u00a0<strong>Susanna<\/strong> in Mozart&#8217;s \u00bbThe Marriage of Figaro\u00ab and <strong>\u00c4nnchen\u00a0<\/strong>in Weber&#8217;s \u00bbDer Freisch\u00fctz\u00ab at Goethe-Theater Bad Lauchst\u00e4dt, as well as <strong>Vitellia<\/strong> in Gluck\u2019s \u00bbLa clemenza di Tito\u00ab at Markgr\u00e4fliches Opernhaus Bayreuth at the Gluck Festival and <b>Drusilla <\/b>and <b>Amore<\/b> in Monteverdi&#8217;s \u00bbIncoronazione di Poppea\u00ab at the Grange Festival in England.<\/p>\r\n<p>In 2019 Vanessa Waldhart made her critically acclaimed debut at the Int. Handel Festival Halle as <strong>Cleopatra<\/strong> (\u00bbJulius Caesar in \u00c4gypten\u00ab) directed by Peter Konwitschny. Since that she appeared at Int. Handel Festival Halle as <strong>Agilea<\/strong> in Martin G. Bergers production of \u00bbTeseo\u00ab, as <b>Daughter Zion<\/b> in Walter Sutcliffe\u2019s scenic production of \u00bbBrockes Passion\u00ab, as <b>Atalanta <\/b>in \u00bbSerse\u00ab under baton of Attilio Cremonesi, as <b>Dorinda<\/b> in Walter Sutcliffe\u2019s production of \u00bbOrlando\u00ab and as<span class=\"Apple-converted-space\">\u00a0<b>Poppea <\/b>in \u00bbAgrippina\u00ab under baton of Laurence Cummings.<\/span><\/p>\r\n<p>In season 2025\/26 she gives her role debuts as <strong>Eurydike<\/strong> in Offenbach\u2019s \u00bbOrpheus in the Underworld\u00ab, <strong>Comtesse Stasi<\/strong> in K\u00e1lm\u00e1n\u2019s \u00bbCs\u00e1rd\u00e1sf\u00fcrstin\u00ab, as well as <strong>Armida<\/strong> in Handel&#8217;s \u00bbRinaldo\u00ab at Int. Handel Festival Halle 2026. Furthermore she guests at the Ekhof-Festival 2025 as <strong>Polyxena<\/strong> in Schweitzer\u2019s same-titled monodrama, sings the <strong>Soprano solo<\/strong> in Beethoven\u2018s 9. Symphony at Gotha and Eisenach under baton of Michael Hofstetter, the <strong>Soprano solo <\/strong>in Handel\u2019s \u00bbBrockes Passion\u00ab at Marktkirche Halle, as well as in Orff\u2019s \u00bbCarmina Burana\u00ab at Congress Innsbruck and appears as <strong>Amor<\/strong> in a concert version of Gluck\u2019s \u00bbParide ed Elena\u00ab at Gluck Festival 2026 at the Markgr\u00e4fliche Opernhaus Bayreuth, Stadttheater F\u00fcrth and the Mozartfest Augsburg with the Akademie f\u00fcr Alte Musik Berlin.<\/p>\r\n<p>She has worked with conductors such as Rene\u0301 Jacobs, Attilio Cremonesi, Laurence Cummings, Ariane Matiakh, Michael Hofstetter, Christian Curnyn, Toma\u0301s\u030c Netopil, David Bates, Philippe Bach, Michael Francis, Werner Erhardt, Alessandro Bonato, Matthias Foremny, Fabrice Bollon, Andreas Wolf, Michael Wendeberg, Proinnsias O\u2019Duinn, Nicola Valentini, Guido Mancusi, Peter Marschik, Christoph-Mathias Mueller, Peter Christian Feigel and Jose\u0301 Miguel Esandi as well as with directors like Tobias Kratzer, Anthony Pilavachi, Peter Konwitschny, Isabel Ostermann, Martin G. Berger, Leonard Prinsloo, Beverly Blankenship, Igor Folwill, Patric Seibert-Wolf, Georg Quander, Walter Sutcliffe, Katharina Kastening and Louisa Proske.<\/p>\r\n<p style=\"text-align: center;\"><img loading=\"lazy\" decoding=\"async\" class=\"alignnone  wp-image-2881\" src=\"https:\/\/vanessa-waldhart.com\/wp-content\/uploads\/2025\/06\/photo-1-200x300.png\" alt=\"\" width=\"375\" height=\"563\" srcset=\"https:\/\/vanessa-waldhart.com\/wp-content\/uploads\/2025\/06\/photo-1-200x300.png 200w, https:\/\/vanessa-waldhart.com\/wp-content\/uploads\/2025\/06\/photo-1-683x1024.png 683w, https:\/\/vanessa-waldhart.com\/wp-content\/uploads\/2025\/06\/photo-1-768x1152.png 768w, https:\/\/vanessa-waldhart.com\/wp-content\/uploads\/2025\/06\/photo-1-1024x1536.png 1024w, https:\/\/vanessa-waldhart.com\/wp-content\/uploads\/2025\/06\/photo-1-1365x2048.png 1365w, https:\/\/vanessa-waldhart.com\/wp-content\/uploads\/2025\/06\/photo-1-100x150.png 100w, https:\/\/vanessa-waldhart.com\/wp-content\/uploads\/2025\/06\/photo-1-720x1080.png 720w, https:\/\/vanessa-waldhart.com\/wp-content\/uploads\/2025\/06\/photo-1-529x793.png 529w, https:\/\/vanessa-waldhart.com\/wp-content\/uploads\/2025\/06\/photo-1-600x900.png 600w, https:\/\/vanessa-waldhart.com\/wp-content\/uploads\/2025\/06\/photo-1-1400x2100.png 1400w, https:\/\/vanessa-waldhart.com\/wp-content\/uploads\/2025\/06\/photo-1-1000x1500.png 1000w\" sizes=\"auto, (max-width: 375px) 100vw, 375px\" \/><\/p>\r\n<p>\r\n\r\n<\/p>\r\n\r\n\r\n\r\n<p><span style=\"font-size: 16px;\">In addition to opera she also sings recitals and concerts: With Carl Orff&#8217;s \u00bb<\/span><strong style=\"font-size: 16px;\">Carmina Burana<\/strong><span style=\"font-size: 16px;\">\u00bb\u00a0she made her debut in the Golden Hall of the Wiener Musikverein, at the Grachtenfestival Amsterdam and in Innsbruck (Tyrol). She gave a recital in the Wiener Konzerthaus and sang the soprano solo in Pergolesi&#8217;s \u00ab<\/span><b style=\"font-size: 16px;\">Stabat mater<\/b><span style=\"font-size: 16px;\">\u00bb, Handels \u00ab<\/span><b style=\"font-size: 16px;\">Messiah<\/b><span style=\"font-size: 16px;\">\u00bb, \u00ab<\/span><b style=\"font-size: 16px;\">Il delirio amoroso<\/b><span style=\"font-size: 16px;\">\u00bb and \u00ab<\/span><b style=\"font-size: 16px;\">Apollo e Dafne<\/b><span style=\"font-size: 16px;\">\u00bb, Bach&#8217;s \u00ab<\/span><b style=\"font-size: 16px;\">Magnificat in D-Dur<\/b><span style=\"font-size: 16px;\">\u00bb, \u00ab<\/span><b style=\"font-size: 16px;\">Johannespassion<\/b><span style=\"font-size: 16px;\">\u00bb and \u00ab<\/span><b style=\"font-size: 16px;\">Weihnachtsoratorium<\/b><span style=\"font-size: 16px;\">\u00bb, Eva in Haydn&#8217;s \u00ab<\/span><strong style=\"font-size: 16px;\">Creation<\/strong><span style=\"font-size: 16px;\">\u00bb, Mozart&#8217;s \u00ab<\/span><b style=\"font-size: 16px;\">Exsultate Jubilate<\/b><span style=\"font-size: 16px;\">\u00bb, \u00ab<\/span><b style=\"font-size: 16px;\">Coronation Mass<\/b><span style=\"font-size: 16px;\">\u00bb\u00a0and \u00ab<\/span><b style=\"font-size: 16px;\">Requiem<\/b><span style=\"font-size: 16px;\">\u00bb, Saint-Sa\u00ebns \u00ab<\/span><strong style=\"font-size: 16px;\">Oratorio de No\u00ebl<\/strong><span style=\"font-size: 16px;\">\u00bb,\u00a0<\/span><strong style=\"font-size: 16px;\">Mahler&#8217;s 4th symphony<\/strong><span style=\"font-size: 16px;\">\u00a0in Austria, Germany, Italy and Switzerland.<\/span><\/p>\r\n<p>Among others Vanessa Waldhart won first prize (2nd section) at the 21. INTERNATIONAL FERRUCCIO TAGLIAVINI \u2013 singing competition and received the \u201eDame Joan Sutherland\u201c-Prize as best Soprano of the whole competition. She is First Prize Winner at \u201eMUSICA JUVENTUTIS\u201c, at the singing competition of &#8220;Schlossoper Haldenstein&#8221; 2017, won the Gold Prize of &#8220;Manhattan Int. Music Competition, Voice&#8221; 2018, was finalist of &#8220;Online Vocal Competition&#8221; 2021 (Opera Tools) and is prizewinner at the &#8220;Kammeroper Schloss Rheinsberg&#8221; 2022. Beside that she is a scholarship winner of FOHN-Foundation Vienna 2015 and FEILING-Foundation 2016 and got the SYLFF-Fellowship of the Tokyo-Foundation for her distinguished accomplishments.<\/p>\r\n<p>Vanessa Waldhart came in touch with music quiet early (singing, piano, piano trio, ballet). While attending classes in high school she started studying Singing at the Tyrolean Conservatory and graduated her Bachelor and Master degrees with Prof. Gabriele Lechner at University of Music and Performing Arts Vienna with distinction. Master classes with Christa Ludwig, Krassimira Stoyaniva, Brigitte Fassbaender, Magreet Honig and Edita Gruberov\u00e1 complete her studies. She also worked with Romelia Lichtenstein and is currently working with Nelly Miricioiu.<\/p>\r\n","protected":false},"excerpt":{"rendered":"<p>In addition to opera she also sings recitals and concerts: With Carl Orff&#8217;s \u00bbCarmina Burana\u00bb\u00a0she made her debut in the Golden Hall of the Wiener Musikverein, at the Grachtenfestival Amsterdam and in Innsbruck (Tyrol). She gave a recital in the Wiener Konzerthaus and sang the soprano solo in Pergolesi&#8217;s \u00abStabat mater\u00bb, Handels \u00abMessiah\u00bb, \u00abIl delirio&#8230;  <a class=\"excerpt-read-more\" href=\"https:\/\/vanessa-waldhart.com\/en\/about-me\/\" title=\"LesenAbout me\">Mehr &raquo;<\/a><\/p>\n","protected":false},"author":2,"featured_media":0,"parent":0,"menu_order":0,"comment_status":"closed","ping_status":"closed","template":"","meta":{"footnotes":""},"class_list":["post-524","page","type-page","status-publish","hentry"],"yoast_head":"<!-- This site is optimized with the Yoast SEO plugin v27.6 - https:\/\/yoast.com\/product\/yoast-seo-wordpress\/ -->\n<title>About me - Vanessa Waldhart<\/title>\n<meta name=\"robots\" content=\"index, follow, max-snippet:-1, max-image-preview:large, max-video-preview:-1\" \/>\n<link rel=\"canonical\" href=\"https:\/\/vanessa-waldhart.com\/en\/about-me\/\" \/>\n<meta property=\"og:locale\" content=\"en_US\" \/>\n<meta property=\"og:type\" content=\"article\" \/>\n<meta property=\"og:title\" content=\"About me - Vanessa Waldhart\" \/>\n<meta property=\"og:description\" content=\"In addition to opera she also sings recitals and concerts: With Carl Orff&#8217;s \u00bbCarmina Burana\u00bb\u00a0she made her debut in the Golden Hall of the Wiener Musikverein, at the Grachtenfestival Amsterdam and in Innsbruck (Tyrol). She gave a recital in the Wiener Konzerthaus and sang the soprano solo in Pergolesi&#8217;s \u00abStabat mater\u00bb, Handels \u00abMessiah\u00bb, \u00abIl delirio... Mehr &raquo;\" \/>\n<meta property=\"og:url\" content=\"https:\/\/vanessa-waldhart.com\/en\/about-me\/\" \/>\n<meta property=\"og:site_name\" content=\"Vanessa Waldhart\" \/>\n<meta property=\"article:modified_time\" content=\"2026-03-10T14:14:14+00:00\" \/>\n<meta property=\"og:image\" content=\"https:\/\/vanessa-waldhart.com\/wp-content\/uploads\/2025\/06\/photo-2-683x1024.png\" \/>\n\t<meta property=\"og:image:width\" content=\"683\" \/>\n\t<meta property=\"og:image:height\" content=\"1024\" \/>\n\t<meta property=\"og:image:type\" content=\"image\/png\" \/>\n<meta name=\"twitter:card\" content=\"summary_large_image\" \/>\n<meta name=\"twitter:label1\" content=\"Est. reading time\" \/>\n\t<meta name=\"twitter:data1\" content=\"6 minutes\" \/>\n<script type=\"application\/ld+json\" class=\"yoast-schema-graph\">{\"@context\":\"https:\\\/\\\/schema.org\",\"@graph\":[{\"@type\":\"WebPage\",\"@id\":\"https:\\\/\\\/vanessa-waldhart.com\\\/en\\\/about-me\\\/\",\"url\":\"https:\\\/\\\/vanessa-waldhart.com\\\/en\\\/about-me\\\/\",\"name\":\"About me - Vanessa Waldhart\",\"isPartOf\":{\"@id\":\"https:\\\/\\\/vanessa-waldhart.com\\\/#website\"},\"primaryImageOfPage\":{\"@id\":\"https:\\\/\\\/vanessa-waldhart.com\\\/en\\\/about-me\\\/#primaryimage\"},\"image\":{\"@id\":\"https:\\\/\\\/vanessa-waldhart.com\\\/en\\\/about-me\\\/#primaryimage\"},\"thumbnailUrl\":\"https:\\\/\\\/vanessa-waldhart.com\\\/wp-content\\\/uploads\\\/2025\\\/06\\\/photo-2-200x300.png\",\"datePublished\":\"2019-01-20T00:22:35+00:00\",\"dateModified\":\"2026-03-10T14:14:14+00:00\",\"breadcrumb\":{\"@id\":\"https:\\\/\\\/vanessa-waldhart.com\\\/en\\\/about-me\\\/#breadcrumb\"},\"inLanguage\":\"en-US\",\"potentialAction\":[{\"@type\":\"ReadAction\",\"target\":[\"https:\\\/\\\/vanessa-waldhart.com\\\/en\\\/about-me\\\/\"]}]},{\"@type\":\"ImageObject\",\"inLanguage\":\"en-US\",\"@id\":\"https:\\\/\\\/vanessa-waldhart.com\\\/en\\\/about-me\\\/#primaryimage\",\"url\":\"https:\\\/\\\/vanessa-waldhart.com\\\/wp-content\\\/uploads\\\/2025\\\/06\\\/photo-2-200x300.png\",\"contentUrl\":\"https:\\\/\\\/vanessa-waldhart.com\\\/wp-content\\\/uploads\\\/2025\\\/06\\\/photo-2-200x300.png\"},{\"@type\":\"BreadcrumbList\",\"@id\":\"https:\\\/\\\/vanessa-waldhart.com\\\/en\\\/about-me\\\/#breadcrumb\",\"itemListElement\":[{\"@type\":\"ListItem\",\"position\":1,\"name\":\"Startseite\",\"item\":\"https:\\\/\\\/vanessa-waldhart.com\\\/en\\\/\"},{\"@type\":\"ListItem\",\"position\":2,\"name\":\"About me\"}]},{\"@type\":\"WebSite\",\"@id\":\"https:\\\/\\\/vanessa-waldhart.com\\\/#website\",\"url\":\"https:\\\/\\\/vanessa-waldhart.com\\\/\",\"name\":\"Vanessa Waldhart | Operns\u00e4ngerin Sopran\",\"description\":\"Operns\u00e4ngerin Sopran aus \u00d6sterreich\",\"potentialAction\":[{\"@type\":\"SearchAction\",\"target\":{\"@type\":\"EntryPoint\",\"urlTemplate\":\"https:\\\/\\\/vanessa-waldhart.com\\\/?s={search_term_string}\"},\"query-input\":{\"@type\":\"PropertyValueSpecification\",\"valueRequired\":true,\"valueName\":\"search_term_string\"}}],\"inLanguage\":\"en-US\"}]}<\/script>\n<!-- \/ Yoast SEO plugin. -->","yoast_head_json":{"title":"About me - Vanessa Waldhart","robots":{"index":"index","follow":"follow","max-snippet":"max-snippet:-1","max-image-preview":"max-image-preview:large","max-video-preview":"max-video-preview:-1"},"canonical":"https:\/\/vanessa-waldhart.com\/en\/about-me\/","og_locale":"en_US","og_type":"article","og_title":"About me - Vanessa Waldhart","og_description":"In addition to opera she also sings recitals and concerts: With Carl Orff&#8217;s \u00bbCarmina Burana\u00bb\u00a0she made her debut in the Golden Hall of the Wiener Musikverein, at the Grachtenfestival Amsterdam and in Innsbruck (Tyrol). She gave a recital in the Wiener Konzerthaus and sang the soprano solo in Pergolesi&#8217;s \u00abStabat mater\u00bb, Handels \u00abMessiah\u00bb, \u00abIl delirio... Mehr &raquo;","og_url":"https:\/\/vanessa-waldhart.com\/en\/about-me\/","og_site_name":"Vanessa Waldhart","article_modified_time":"2026-03-10T14:14:14+00:00","og_image":[{"width":683,"height":1024,"url":"https:\/\/vanessa-waldhart.com\/wp-content\/uploads\/2025\/06\/photo-2-683x1024.png","type":"image\/png"}],"twitter_card":"summary_large_image","twitter_misc":{"Est. reading time":"6 minutes"},"schema":{"@context":"https:\/\/schema.org","@graph":[{"@type":"WebPage","@id":"https:\/\/vanessa-waldhart.com\/en\/about-me\/","url":"https:\/\/vanessa-waldhart.com\/en\/about-me\/","name":"About me - Vanessa Waldhart","isPartOf":{"@id":"https:\/\/vanessa-waldhart.com\/#website"},"primaryImageOfPage":{"@id":"https:\/\/vanessa-waldhart.com\/en\/about-me\/#primaryimage"},"image":{"@id":"https:\/\/vanessa-waldhart.com\/en\/about-me\/#primaryimage"},"thumbnailUrl":"https:\/\/vanessa-waldhart.com\/wp-content\/uploads\/2025\/06\/photo-2-200x300.png","datePublished":"2019-01-20T00:22:35+00:00","dateModified":"2026-03-10T14:14:14+00:00","breadcrumb":{"@id":"https:\/\/vanessa-waldhart.com\/en\/about-me\/#breadcrumb"},"inLanguage":"en-US","potentialAction":[{"@type":"ReadAction","target":["https:\/\/vanessa-waldhart.com\/en\/about-me\/"]}]},{"@type":"ImageObject","inLanguage":"en-US","@id":"https:\/\/vanessa-waldhart.com\/en\/about-me\/#primaryimage","url":"https:\/\/vanessa-waldhart.com\/wp-content\/uploads\/2025\/06\/photo-2-200x300.png","contentUrl":"https:\/\/vanessa-waldhart.com\/wp-content\/uploads\/2025\/06\/photo-2-200x300.png"},{"@type":"BreadcrumbList","@id":"https:\/\/vanessa-waldhart.com\/en\/about-me\/#breadcrumb","itemListElement":[{"@type":"ListItem","position":1,"name":"Startseite","item":"https:\/\/vanessa-waldhart.com\/en\/"},{"@type":"ListItem","position":2,"name":"About me"}]},{"@type":"WebSite","@id":"https:\/\/vanessa-waldhart.com\/#website","url":"https:\/\/vanessa-waldhart.com\/","name":"Vanessa Waldhart | Operns\u00e4ngerin Sopran","description":"Operns\u00e4ngerin Sopran aus \u00d6sterreich","potentialAction":[{"@type":"SearchAction","target":{"@type":"EntryPoint","urlTemplate":"https:\/\/vanessa-waldhart.com\/?s={search_term_string}"},"query-input":{"@type":"PropertyValueSpecification","valueRequired":true,"valueName":"search_term_string"}}],"inLanguage":"en-US"}]}},"_links":{"self":[{"href":"https:\/\/vanessa-waldhart.com\/en\/wp-json\/wp\/v2\/pages\/524","targetHints":{"allow":["GET"]}}],"collection":[{"href":"https:\/\/vanessa-waldhart.com\/en\/wp-json\/wp\/v2\/pages"}],"about":[{"href":"https:\/\/vanessa-waldhart.com\/en\/wp-json\/wp\/v2\/types\/page"}],"author":[{"embeddable":true,"href":"https:\/\/vanessa-waldhart.com\/en\/wp-json\/wp\/v2\/users\/2"}],"replies":[{"embeddable":true,"href":"https:\/\/vanessa-waldhart.com\/en\/wp-json\/wp\/v2\/comments?post=524"}],"version-history":[{"count":73,"href":"https:\/\/vanessa-waldhart.com\/en\/wp-json\/wp\/v2\/pages\/524\/revisions"}],"predecessor-version":[{"id":3028,"href":"https:\/\/vanessa-waldhart.com\/en\/wp-json\/wp\/v2\/pages\/524\/revisions\/3028"}],"wp:attachment":[{"href":"https:\/\/vanessa-waldhart.com\/en\/wp-json\/wp\/v2\/media?parent=524"}],"curies":[{"name":"wp","href":"https:\/\/api.w.org\/{rel}","templated":true}]}}