{"id":2295,"date":"2023-07-16T14:41:23","date_gmt":"2023-07-16T12:41:23","guid":{"rendered":"https:\/\/vanessa-waldhart.com\/?page_id=2295"},"modified":"2023-07-16T14:41:23","modified_gmt":"2023-07-16T12:41:23","slug":"data-privacy","status":"publish","type":"page","link":"https:\/\/vanessa-waldhart.com\/en\/data-privacy\/","title":{"rendered":"Data privacy"},"content":{"rendered":"<h1>DATENSCHUTZERKL\u00c4RUNG<\/h1>\n<h2>ERKL\u00c4RUNG ZUR INFORMATIONSPFLICHT<\/h2>\n<h3>(DATENSCHUTZERKL\u00c4RUNG)<\/h3>\n<p>Der Schutz Ihrer pers\u00f6nlichen Daten ist uns ein besonderes Anliegen. Wir verarbeiten Ihre Daten daher ausschlie\u00dflich auf Grundlage der gesetzlichen Bestimmungen (DSGVO, TKG 2003). In diesen Datenschutzinformationen informieren wir Sie \u00fcber die wichtigsten Aspekte der Datenverarbeitung im Rahmen unserer Website.<\/p>\n<h3>KONTAKT MIT UNS<\/h3>\n<p>Wenn Sie per Formular auf der Website oder per E-Mail Kontakt mit uns aufnehmen, werden Ihre angegebenen Daten zwecks Bearbeitung der Anfrage und f\u00fcr den Fall von Anschlussfragen sechs Monate bei uns gespeichert. Diese Daten geben wir nicht ohne Ihre Einwilligung weiter.<\/p>\n<h3>ALLGEMEINES<\/h3>\n<p>Wir erheben und verwenden personenbezogene Daten unserer Nutzer grunds\u00e4tzlich nur, soweit dies zur Bereitstellung einer funktionsf\u00e4higen Website sowie unserer Inhalte und Leistungen erforderlich ist. Die Erhebung und Verwendung personenbezogener Daten unserer Nutzer erfolgt regelm\u00e4\u00dfig nur nach Einwilligung des Nutzers. Eine Ausnahme gilt in solchen F\u00e4llen, in denen eine vorherige Einholung einer Einwilligung aus tats\u00e4chlichen Gr\u00fcnden nicht m\u00f6glich ist und die Verarbeitung der Daten durch gesetzliche Vorschriften gestattet ist.<br \/>\nDie Webseite benutzt auch einige externe Tools, die weiter unten detaillierter aufgelistet sind.<br \/>\nFalls Sie daran interessiert sind, beim Surfen im Internet nicht von Drittseiten getrackt zu werden, empfehlen wir Ihnen das Verwenden eines Browserplugins wie disconnect.me, welches diese Trackings von z.B. Google Analytics oder Facebook unterbindet.<\/p>\n<h3>BEREITSTELLUNG DER WEBSEITE<\/h3>\n<p>Jeder Aufruf einer Internetseite ben\u00f6tigt personenbezogene Daten, wie Ihre IP Adresse, ohne diese Ihre Anfrage nicht durchgef\u00fchrt werden kann.<br \/>\nDies ist notwendig, um eine Webseite \u00fcberhaupt erst ausspielen zu k\u00f6nnen.<br \/>\nDiese Daten werden in Logfiles gespeichert, und nach sieben Tagen wieder gel\u00f6scht. Es findet keine Auswertung zu Marketingzwecken statt, dies dient nur der technischen \u00dcberpr\u00fcfung der Systeme.<br \/>\nF\u00fcr diesen Fall liegt ein berechtigtes Interesse nach Art. 6 Abs. 1 lit. F DSVGO vor.<\/p>\n<h3>DATENSPEICHERUNG<\/h3>\n<p>Wir weisen darauf hin, dass zum Zweck der Anfragebearbeitung und der Kontaktaufnahme Ihre pers\u00f6nlichen Daten gespeichert werden, nachdem Sie diese in den entsprechenden Formularfeldern freiwillig ausgef\u00fcllt haben.<br \/>\nDiese Speicherung ist zur ordentlichen Auftragserf\u00fcllung notwendig, um Ihre Anfrage abzuarbeiten.<br \/>\nDie Daten werden auf Servern der folgenden deutschen Firma bearbeitet, und in die Systeme des angefragten Betriebs \u00fcbertragen.<\/p>\n<p>ALL-INKL.COM \u2013 Neue Medien M\u00fcnnich<br \/>\nInhaber: Ren\u00e9 M\u00fcnnich<br \/>\nHauptstra\u00dfe 68 | D-02742 Friedersdorf<\/p>\n<p>Die Datenverarbeitung erfolgt auf Basis der gesetzlichen Bestimmungen des \u00a7 96 Abs 3 TKG sowie des Art 6 Abs 1 lit a (Einwilligung) und\/oder lit b (notwendig zur Vertragserf\u00fcllung) der DSGVO.<\/p>\n<h3>COOKIES<\/h3>\n<p>Unsere Website verwendet so genannte Cookies. Dabei handelt es sich um kleine Textdateien, die mit Hilfe des Browsers auf Ihrem Endger\u00e4t abgelegt werden. Sie richten keinen Schaden an.<br \/>\nWir nutzen Cookies dazu, unser Angebot nutzerfreundlich zu gestalten. Einige Cookies bleiben auf Ihrem Endger\u00e4t gespeichert, bis Sie diese l\u00f6schen. Sie erm\u00f6glichen es uns, Ihren Browser beim n\u00e4chsten Besuch wiederzuerkennen.<br \/>\nWenn Sie dies nicht w\u00fcnschen, so k\u00f6nnen Sie Ihren Browser so einrichten, dass er Sie \u00fcber das Setzen von Cookies informiert und Sie dies nur im Einzelfall erlauben.<br \/>\nBei der Deaktivierung von Cookies kann die Funktionalit\u00e4t unserer Website eingeschr\u00e4nkt sein.<\/p>\n<h3>WEB-ANALYSE<\/h3>\n<h4>GOOGLE ANALYTICS<\/h4>\n<p>Unsere Website verwendet Google Analytics, einen Webanalysedienst von Google Inc., 1600 Amphitheatre Parkway, Mountain View, CA 94043, USA. Zur Deaktivierung von Google Analytiscs stellt Google unter http:\/\/tools.google.com\/dlpage\/gaoptout?hl=de ein Browser-Plug-In zur Verf\u00fcgung. Google Analytics verwendet Cookies. Das sind kleine Textdateien, die es m\u00f6glich machen, auf dem Endger\u00e4t des Nutzers spezifische, auf den Nutzer bezogene Informationen zu speichern. Diese erm\u00f6glichen eine Analyse der Nutzung unseres Websiteangebotes durch Google. Die durch den Cookie erfassten Informationen \u00fcber die Nutzung unserer Seiten (einschlie\u00dflich Ihrer IP-Adresse) werden in der Regel an einen Server von Google in den USA \u00fcbertragen und dort gespeichert. Wir weisen darauf hin, dass auf dieser Website Google Analytics um den Code \u201egat._anonymizeIp();\u201c erweitert wurde, um eine anonymisierte Erfassung von IP-Adressen (sog. IP-Masking) zu gew\u00e4hrleisten. Ist die Anonymisierung aktiv, k\u00fcrzt Google IP-Adressen innerhalb von Mitgliedstaaten der Europ\u00e4ischen Union oder in anderen Vertragsstaaten des Abkommens \u00fcber den Europ\u00e4ischen Wirtschaftsraum, weswegen keine R\u00fcckschl\u00fcsse auf Ihre Identit\u00e4t m\u00f6glich sind. Nur in Ausnahmef\u00e4llen wird die volle IP-Adresse an einen Server von Google in den USA \u00fcbertragen und dort gek\u00fcrzt. Google beachtet die Datenschutzbestimmungen des \u201ePrivacy Shield\u201c-Abkommens und ist beim \u201ePrivacy Shield\u201c-Programm des US-Handelsministeriums registriert und nutzt die gesammelten Informationen, um die Nutzung unserer Websites auszuwerten, Berichte f\u00fcr uns diesbez\u00fcglich zu verfassen und andere diesbez\u00fcgliche Dienstleistungen an uns zu erbringen. Mehr erfahren Sie unter http:\/\/www.google.com\/intl\/de\/analytics\/privacyoverview.html.<br \/>\nWir haben mit dem Anbieter einen entsprechenden Vertrag zur Auftragsdatenverarbeitung abgeschlossen.<br \/>\nIhre IP-Adresse wird erfasst, aber umgehend (z.B. durch L\u00f6schung der letzten 8 Bit)pseudonymisiert. Dadurch ist nur mehr eine grobe Lokalisierung m\u00f6glich.<br \/>\nDie Beziehung zum Webanalyseanbieter basiert auf dem Privacy Shield<br \/>\nDie Datenverarbeitung erfolgt auf Basis der gesetzlichen Bestimmungen des \u00a7 96 Abs 3 TKG sowie des Art 6 Abs 1 lit a (Einwilligung) und\/oder f (berechtigtes Interesse) der DSGVO.<br \/>\nUnser Anliegen im Sinne der DSGVO (berechtigtes Interesse) ist die Verbesserung unseres Angebotes und unseres Webauftritts. Da uns die Privatsph\u00e4re unserer Nutzer wichtig ist, werden die Nutzerdaten .<br \/>\nDie Nutzerdaten werden f\u00fcr statistische Zwecke f\u00fcr unbestimmte Zeit aufbewahrt, nach einigen Monaten allerdings von personenbezogenen Daten anonymisiert, um keine dauerhaften R\u00fcckschl\u00fcsse zu erm\u00f6glichen, jedoch eine Gesamtstatistik f\u00fcr die Website bieten zu k\u00f6nnen.<\/p>\n<h3>WEITERE DIENSTE<\/h3>\n<h4>GOOGLE MAPS<\/h4>\n<p>Die Webseite verwendet Google Maps, um Ihnen geografische Informationen zur Verf\u00fcgung zu stellen. Hierbei werden aus technischen Gr\u00fcnden Ihre IP Adresse und weitere Daten an Google Inc., 1600 Amphitheatre Parkway, Mountain View, CA 94043, USA \u00fcbertragen.<br \/>\nDie Datenschutzbestimmungen von Google finden Sie hier: https:\/\/policies.google.com\/privacy?hl=de<\/p>\n<h4>YOUTUBE<\/h4>\n<p>Auf dieser Webseite k\u00f6nnen Videos bereitgestellt werden, die auf YouTube, einem Service Google Inc., 1600 Amphitheatre Parkway, Mountain View, CA 94043, USA gehostet sind. Das Ansehen eines YouTube Videos \u00fcbertr\u00e4gt pers\u00f6nliche Daten an Google.<br \/>\nDie Datenschutzbestimmungen von Google finden Sie hier: https:\/\/policies.google.com\/privacy?hl=de<\/p>\n<h4>FACEBOOK SOCIAL PLUGINS<\/h4>\n<p>Diese Website verwendet Social Plugins von Facebook.<br \/>\nBetreibergesellschaft von Facebook ist die Facebook, Inc., 1 Hacker Way, Menlo Park, CA 94025, USA. F\u00fcr die Verarbeitung personenbezogener Daten Verantwortlicher ist, wenn eine betroffene Person au\u00dferhalb der USA oder Kanada lebt, die Facebook Ireland Ltd., 4 Grand Canal Square, Grand Canal Harbour, Dublin 2, Ireland.<br \/>\nJeder Aufruf einer Seite sendet hierbei Daten an Facebook, welche von der Betreiberfirma analysiert und ausgewertet werden. Facebook gibt unter https:\/\/de-de.facebook.com\/about\/privacy\/ Auskunft \u00fcber die Datenschutzrichtlinie des Unternehmens.<\/p>\n<h2>IHRE RECHTE<\/h2>\n<p>Ihnen stehen grunds\u00e4tzlich die Rechte auf Auskunft, Berichtigung, L\u00f6schung, Einschr\u00e4nkung, Daten\u00fcbertragbarkeit, Widerruf und Widerspruch zu. Wenn Sie glauben, dass die Verarbeitung Ihrer Daten gegen das Datenschutzrecht verst\u00f6\u00dft oder Ihre datenschutzrechtlichen Anspr\u00fcche sonst in einer Weise verletzt worden sind, k\u00f6nnen Sie sich bei der Aufsichtsbeh\u00f6rde beschweren. In \u00d6sterreich ist dies die Datenschutzbeh\u00f6rde.<\/p>\n<h2>SIE ERREICHEN UNS UNTER FOLGENDEN KONTAKTDATEN:<\/h2>\n<p>kontakt@vanessa-waldhart.com<\/p>\n","protected":false},"excerpt":{"rendered":"<p>DATENSCHUTZERKL\u00c4RUNG ERKL\u00c4RUNG ZUR INFORMATIONSPFLICHT (DATENSCHUTZERKL\u00c4RUNG) Der Schutz Ihrer pers\u00f6nlichen Daten ist uns ein besonderes Anliegen. Wir verarbeiten Ihre Daten daher ausschlie\u00dflich auf Grundlage der gesetzlichen Bestimmungen (DSGVO, TKG 2003). In diesen Datenschutzinformationen informieren wir Sie \u00fcber die wichtigsten Aspekte der Datenverarbeitung im Rahmen unserer Website. KONTAKT MIT UNS Wenn Sie per Formular auf der Website&#8230;  <a class=\"excerpt-read-more\" href=\"https:\/\/vanessa-waldhart.com\/en\/data-privacy\/\" title=\"LesenData privacy\">Mehr &raquo;<\/a><\/p>\n","protected":false},"author":2,"featured_media":0,"parent":0,"menu_order":0,"comment_status":"closed","ping_status":"closed","template":"","meta":{"footnotes":""},"class_list":["post-2295","page","type-page","status-publish","hentry"],"yoast_head":"<!-- This site is optimized with the Yoast SEO plugin v27.5 - https:\/\/yoast.com\/product\/yoast-seo-wordpress\/ -->\n<title>Data privacy - Vanessa Waldhart<\/title>\n<meta name=\"robots\" content=\"index, follow, max-snippet:-1, max-image-preview:large, max-video-preview:-1\" \/>\n<link rel=\"canonical\" href=\"https:\/\/vanessa-waldhart.com\/en\/data-privacy\/\" \/>\n<meta property=\"og:locale\" content=\"en_US\" \/>\n<meta property=\"og:type\" content=\"article\" \/>\n<meta property=\"og:title\" content=\"Data privacy - Vanessa Waldhart\" \/>\n<meta property=\"og:description\" content=\"DATENSCHUTZERKL\u00c4RUNG ERKL\u00c4RUNG ZUR INFORMATIONSPFLICHT (DATENSCHUTZERKL\u00c4RUNG) Der Schutz Ihrer pers\u00f6nlichen Daten ist uns ein besonderes Anliegen. Wir verarbeiten Ihre Daten daher ausschlie\u00dflich auf Grundlage der gesetzlichen Bestimmungen (DSGVO, TKG 2003). In diesen Datenschutzinformationen informieren wir Sie \u00fcber die wichtigsten Aspekte der Datenverarbeitung im Rahmen unserer Website. KONTAKT MIT UNS Wenn Sie per Formular auf der Website... Mehr &raquo;\" \/>\n<meta property=\"og:url\" content=\"https:\/\/vanessa-waldhart.com\/en\/data-privacy\/\" \/>\n<meta property=\"og:site_name\" content=\"Vanessa Waldhart\" \/>\n<meta name=\"twitter:card\" content=\"summary_large_image\" \/>\n<meta name=\"twitter:label1\" content=\"Est. reading time\" \/>\n\t<meta name=\"twitter:data1\" content=\"6 minutes\" \/>\n<script type=\"application\/ld+json\" class=\"yoast-schema-graph\">{\"@context\":\"https:\\\/\\\/schema.org\",\"@graph\":[{\"@type\":\"WebPage\",\"@id\":\"https:\\\/\\\/vanessa-waldhart.com\\\/en\\\/data-privacy\\\/\",\"url\":\"https:\\\/\\\/vanessa-waldhart.com\\\/en\\\/data-privacy\\\/\",\"name\":\"Data privacy - Vanessa Waldhart\",\"isPartOf\":{\"@id\":\"https:\\\/\\\/vanessa-waldhart.com\\\/#website\"},\"datePublished\":\"2023-07-16T12:41:23+00:00\",\"breadcrumb\":{\"@id\":\"https:\\\/\\\/vanessa-waldhart.com\\\/en\\\/data-privacy\\\/#breadcrumb\"},\"inLanguage\":\"en-US\",\"potentialAction\":[{\"@type\":\"ReadAction\",\"target\":[\"https:\\\/\\\/vanessa-waldhart.com\\\/en\\\/data-privacy\\\/\"]}]},{\"@type\":\"BreadcrumbList\",\"@id\":\"https:\\\/\\\/vanessa-waldhart.com\\\/en\\\/data-privacy\\\/#breadcrumb\",\"itemListElement\":[{\"@type\":\"ListItem\",\"position\":1,\"name\":\"Startseite\",\"item\":\"https:\\\/\\\/vanessa-waldhart.com\\\/en\\\/\"},{\"@type\":\"ListItem\",\"position\":2,\"name\":\"Data privacy\"}]},{\"@type\":\"WebSite\",\"@id\":\"https:\\\/\\\/vanessa-waldhart.com\\\/#website\",\"url\":\"https:\\\/\\\/vanessa-waldhart.com\\\/\",\"name\":\"Vanessa Waldhart | Operns\u00e4ngerin Sopran\",\"description\":\"Operns\u00e4ngerin Sopran aus \u00d6sterreich\",\"potentialAction\":[{\"@type\":\"SearchAction\",\"target\":{\"@type\":\"EntryPoint\",\"urlTemplate\":\"https:\\\/\\\/vanessa-waldhart.com\\\/?s={search_term_string}\"},\"query-input\":{\"@type\":\"PropertyValueSpecification\",\"valueRequired\":true,\"valueName\":\"search_term_string\"}}],\"inLanguage\":\"en-US\"}]}<\/script>\n<!-- \/ Yoast SEO plugin. -->","yoast_head_json":{"title":"Data privacy - Vanessa Waldhart","robots":{"index":"index","follow":"follow","max-snippet":"max-snippet:-1","max-image-preview":"max-image-preview:large","max-video-preview":"max-video-preview:-1"},"canonical":"https:\/\/vanessa-waldhart.com\/en\/data-privacy\/","og_locale":"en_US","og_type":"article","og_title":"Data privacy - Vanessa Waldhart","og_description":"DATENSCHUTZERKL\u00c4RUNG ERKL\u00c4RUNG ZUR INFORMATIONSPFLICHT (DATENSCHUTZERKL\u00c4RUNG) Der Schutz Ihrer pers\u00f6nlichen Daten ist uns ein besonderes Anliegen. Wir verarbeiten Ihre Daten daher ausschlie\u00dflich auf Grundlage der gesetzlichen Bestimmungen (DSGVO, TKG 2003). In diesen Datenschutzinformationen informieren wir Sie \u00fcber die wichtigsten Aspekte der Datenverarbeitung im Rahmen unserer Website. KONTAKT MIT UNS Wenn Sie per Formular auf der Website... Mehr &raquo;","og_url":"https:\/\/vanessa-waldhart.com\/en\/data-privacy\/","og_site_name":"Vanessa Waldhart","twitter_card":"summary_large_image","twitter_misc":{"Est. reading time":"6 minutes"},"schema":{"@context":"https:\/\/schema.org","@graph":[{"@type":"WebPage","@id":"https:\/\/vanessa-waldhart.com\/en\/data-privacy\/","url":"https:\/\/vanessa-waldhart.com\/en\/data-privacy\/","name":"Data privacy - Vanessa Waldhart","isPartOf":{"@id":"https:\/\/vanessa-waldhart.com\/#website"},"datePublished":"2023-07-16T12:41:23+00:00","breadcrumb":{"@id":"https:\/\/vanessa-waldhart.com\/en\/data-privacy\/#breadcrumb"},"inLanguage":"en-US","potentialAction":[{"@type":"ReadAction","target":["https:\/\/vanessa-waldhart.com\/en\/data-privacy\/"]}]},{"@type":"BreadcrumbList","@id":"https:\/\/vanessa-waldhart.com\/en\/data-privacy\/#breadcrumb","itemListElement":[{"@type":"ListItem","position":1,"name":"Startseite","item":"https:\/\/vanessa-waldhart.com\/en\/"},{"@type":"ListItem","position":2,"name":"Data privacy"}]},{"@type":"WebSite","@id":"https:\/\/vanessa-waldhart.com\/#website","url":"https:\/\/vanessa-waldhart.com\/","name":"Vanessa Waldhart | Operns\u00e4ngerin Sopran","description":"Operns\u00e4ngerin Sopran aus \u00d6sterreich","potentialAction":[{"@type":"SearchAction","target":{"@type":"EntryPoint","urlTemplate":"https:\/\/vanessa-waldhart.com\/?s={search_term_string}"},"query-input":{"@type":"PropertyValueSpecification","valueRequired":true,"valueName":"search_term_string"}}],"inLanguage":"en-US"}]}},"_links":{"self":[{"href":"https:\/\/vanessa-waldhart.com\/en\/wp-json\/wp\/v2\/pages\/2295","targetHints":{"allow":["GET"]}}],"collection":[{"href":"https:\/\/vanessa-waldhart.com\/en\/wp-json\/wp\/v2\/pages"}],"about":[{"href":"https:\/\/vanessa-waldhart.com\/en\/wp-json\/wp\/v2\/types\/page"}],"author":[{"embeddable":true,"href":"https:\/\/vanessa-waldhart.com\/en\/wp-json\/wp\/v2\/users\/2"}],"replies":[{"embeddable":true,"href":"https:\/\/vanessa-waldhart.com\/en\/wp-json\/wp\/v2\/comments?post=2295"}],"version-history":[{"count":1,"href":"https:\/\/vanessa-waldhart.com\/en\/wp-json\/wp\/v2\/pages\/2295\/revisions"}],"predecessor-version":[{"id":2296,"href":"https:\/\/vanessa-waldhart.com\/en\/wp-json\/wp\/v2\/pages\/2295\/revisions\/2296"}],"wp:attachment":[{"href":"https:\/\/vanessa-waldhart.com\/en\/wp-json\/wp\/v2\/media?parent=2295"}],"curies":[{"name":"wp","href":"https:\/\/api.w.org\/{rel}","templated":true}]}}